{"id":2371,"date":"2021-03-26T13:22:44","date_gmt":"2021-03-26T13:22:44","guid":{"rendered":"http:\/\/palmascriativa.com\/?post_type=product&#038;p=2371"},"modified":"2026-03-12T12:25:50","modified_gmt":"2026-03-12T12:25:50","slug":"cartoes-de-visita-4-1","status":"publish","type":"product","link":"https:\/\/palmascriativa.com\/?product=cartoes-de-visita-4-1","title":{"rendered":"CART\u00d5ES (frente colorida e verso preto e branco)"},"content":{"rendered":"<p>Cart\u00e3o de Visita &#8211; 48x88mm em Couch\u00e9 Brilho 300g &#8211; 4&#215;1 (colorido frente e preto e branco no verso) &#8211; Verniz Total Brilho Frente<\/p>\n<p>1.000 unidades &#8211; R$ 179,00<br \/>\n2.000 unidades &#8211; R$ 289,00<br \/>\n3.000 unidades &#8211; R$ 459,00<\/p>\n<p>Produ\u00e7\u00e3o: De 4 a 6 dias \u00fateis<br \/>\n*Valores n\u00e3o incluem servi\u00e7os de arte final.<br \/>\n*Valores referentes \u00e0 mesma arte.<\/p>\n<p>C\u00f3d.<br \/>\n1.000 unidades: 104<br \/>\n2.000 unidades: 105<br \/>\n3.000 unidades: 125<\/p>\n<p><a href=\"http:\/\/palmascriativa.com\/wp-content\/uploads\/2021\/03\/3-000-cartoes-de-visita-5x9cm-couche-250g-verniz-uv-total-frente-corte-reto-4x1-cores-colorido-frente-1-cor-no-verso1671.zip\">GABARITO<\/a><\/p>\n","protected":false},"excerpt":{"rendered":"<p>Cart\u00e3o de Visita &#8211; 48x88mm em Couch\u00e9 Brilho 300g &#8211; 4&#215;1 (colorido frente e preto e branco no verso) &#8211; Verniz Total Brilho Frente<\/p>\n<p>1.000 unidades &#8211; R$ 179,00<br \/>\n2.000 unidades &#8211; R$ 289,00<br \/>\n3.000 unidades &#8211; R$ 459,00<\/p>\n<p>Produ\u00e7\u00e3o: De 4 a 6 dias \u00fateis<br \/>\n*Valores n\u00e3o incluem servi\u00e7os de arte final.<br \/>\n*Valores referentes \u00e0 mesma arte.<\/p>\n","protected":false},"featured_media":2389,"template":"","meta":[],"product_brand":[],"product_cat":[21],"product_tag":[],"class_list":{"0":"post-2371","1":"product","2":"type-product","3":"status-publish","4":"has-post-thumbnail","6":"product_cat-cartoes","8":"first","9":"instock","10":"sold-individually","11":"purchasable","12":"product-type-variable"},"_links":{"self":[{"href":"https:\/\/palmascriativa.com\/index.php?rest_route=\/wp\/v2\/product\/2371","targetHints":{"allow":["GET"]}}],"collection":[{"href":"https:\/\/palmascriativa.com\/index.php?rest_route=\/wp\/v2\/product"}],"about":[{"href":"https:\/\/palmascriativa.com\/index.php?rest_route=\/wp\/v2\/types\/product"}],"version-history":[{"count":13,"href":"https:\/\/palmascriativa.com\/index.php?rest_route=\/wp\/v2\/product\/2371\/revisions"}],"predecessor-version":[{"id":3869,"href":"https:\/\/palmascriativa.com\/index.php?rest_route=\/wp\/v2\/product\/2371\/revisions\/3869"}],"wp:featuredmedia":[{"embeddable":true,"href":"https:\/\/palmascriativa.com\/index.php?rest_route=\/wp\/v2\/media\/2389"}],"wp:attachment":[{"href":"https:\/\/palmascriativa.com\/index.php?rest_route=%2Fwp%2Fv2%2Fmedia&parent=2371"}],"wp:term":[{"taxonomy":"product_brand","embeddable":true,"href":"https:\/\/palmascriativa.com\/index.php?rest_route=%2Fwp%2Fv2%2Fproduct_brand&post=2371"},{"taxonomy":"product_cat","embeddable":true,"href":"https:\/\/palmascriativa.com\/index.php?rest_route=%2Fwp%2Fv2%2Fproduct_cat&post=2371"},{"taxonomy":"product_tag","embeddable":true,"href":"https:\/\/palmascriativa.com\/index.php?rest_route=%2Fwp%2Fv2%2Fproduct_tag&post=2371"}],"curies":[{"name":"wp","href":"https:\/\/api.w.org\/{rel}","templated":true}]}}