{"id":2376,"date":"2021-03-26T13:50:07","date_gmt":"2021-03-26T13:50:07","guid":{"rendered":"http:\/\/palmascriativa.com\/?post_type=product&#038;p=2376"},"modified":"2026-02-24T11:52:44","modified_gmt":"2026-02-24T11:52:44","slug":"cartoes-de-visita-corte-personalizado","status":"publish","type":"product","link":"https:\/\/palmascriativa.com\/?product=cartoes-de-visita-corte-personalizado","title":{"rendered":"CART\u00d5ES (corte personalizado)"},"content":{"rendered":"<p>*<strong> O valor n\u00e3o inclui servi\u00e7os de Arte Final<\/strong><\/p>\n<p>C\u00f3d.<\/p>\n","protected":false},"excerpt":{"rendered":"<p>Cart\u00e3o de Visita &#8211; 48x88mm em Couch\u00e9 Fosco 300g &#8211; 4&#215;4 &#8211; Lamina\u00e7\u00e3o Fosca e Verniz Localizado Frente e Verso &#8211; Corte Personalizado<\/p>\n<p>500 unidades: R$ 339,00<br \/>\n1.000 unidades: R$ 396,00<\/p>\n<p>Produ\u00e7\u00e3o: De 6 a 11 dias \u00fateis<\/p>\n","protected":false},"featured_media":2379,"template":"","meta":[],"product_brand":[],"product_cat":[21],"product_tag":[],"class_list":{"0":"post-2376","1":"product","2":"type-product","3":"status-publish","4":"has-post-thumbnail","6":"product_cat-cartoes","8":"first","9":"instock","10":"sold-individually","11":"purchasable","12":"product-type-variable"},"_links":{"self":[{"href":"https:\/\/palmascriativa.com\/index.php?rest_route=\/wp\/v2\/product\/2376","targetHints":{"allow":["GET"]}}],"collection":[{"href":"https:\/\/palmascriativa.com\/index.php?rest_route=\/wp\/v2\/product"}],"about":[{"href":"https:\/\/palmascriativa.com\/index.php?rest_route=\/wp\/v2\/types\/product"}],"version-history":[{"count":9,"href":"https:\/\/palmascriativa.com\/index.php?rest_route=\/wp\/v2\/product\/2376\/revisions"}],"predecessor-version":[{"id":3843,"href":"https:\/\/palmascriativa.com\/index.php?rest_route=\/wp\/v2\/product\/2376\/revisions\/3843"}],"wp:featuredmedia":[{"embeddable":true,"href":"https:\/\/palmascriativa.com\/index.php?rest_route=\/wp\/v2\/media\/2379"}],"wp:attachment":[{"href":"https:\/\/palmascriativa.com\/index.php?rest_route=%2Fwp%2Fv2%2Fmedia&parent=2376"}],"wp:term":[{"taxonomy":"product_brand","embeddable":true,"href":"https:\/\/palmascriativa.com\/index.php?rest_route=%2Fwp%2Fv2%2Fproduct_brand&post=2376"},{"taxonomy":"product_cat","embeddable":true,"href":"https:\/\/palmascriativa.com\/index.php?rest_route=%2Fwp%2Fv2%2Fproduct_cat&post=2376"},{"taxonomy":"product_tag","embeddable":true,"href":"https:\/\/palmascriativa.com\/index.php?rest_route=%2Fwp%2Fv2%2Fproduct_tag&post=2376"}],"curies":[{"name":"wp","href":"https:\/\/api.w.org\/{rel}","templated":true}]}}