{"id":2507,"date":"2021-04-14T19:44:16","date_gmt":"2021-04-14T19:44:16","guid":{"rendered":"http:\/\/palmascriativa.com\/?post_type=product&#038;p=2507"},"modified":"2026-03-12T13:39:08","modified_gmt":"2026-03-12T13:39:08","slug":"banner","status":"publish","type":"product","link":"https:\/\/palmascriativa.com\/?product=banner","title":{"rendered":"BANNER \/ FAIXA EM LONA"},"content":{"rendered":"<p>Papel\/Material: LONA FRONT LIGHT<br \/>\nAcabamentos: bast\u00f5es, ponteiras e cord\u00e3o<\/p>\n<p>Tamanho padr\u00e3o:<br \/>\n80x120cm: R$ 140,00<br \/>\n90x120cm: R$ 150,00<br \/>\n80x130cm: R$ 145,00<br \/>\n90x130cm: R$ 163,00<br \/>\n90x150cm: R$ 189,00<br \/>\n90x180cm: R$ 226,00<br \/>\n90x200cm: R$ 252,00<\/p>\n<p>*Valor n\u00e3o inclui servi\u00e7o de arte<br \/>\n*Considerar mesmo valor para artes na horizontal (faixas)<br \/>\n*Consultar valor para outras medidas<br \/>\nProdu\u00e7\u00e3o: At\u00e9 2 dias \u00fateis<\/p>\n<p>C\u00f3d. Interno: 150<\/p>\n","protected":false},"excerpt":{"rendered":"<p>Papel\/Material: LONA FRONT LIGHT<br \/>\nAcabamentos: bast\u00f5es, ponteiras e cord\u00e3o<\/p>\n<p>Tamanho padr\u00e3o:<br \/>\n80x120cm: R$ 140,00<br \/>\n90x120cm: R$ 150,00<br \/>\n80x130cm: R$ 145,00<br \/>\n90x130cm: R$ 163,00<br \/>\n90x150cm: R$ 189,00<br \/>\n90x180cm: R$ 226,00<br \/>\n90x200cm: R$ 252,00<\/p>\n","protected":false},"featured_media":2528,"template":"","meta":[],"product_brand":[],"product_cat":[15],"product_tag":[],"class_list":{"0":"post-2507","1":"product","2":"type-product","3":"status-publish","4":"has-post-thumbnail","6":"product_cat-banner","8":"first","9":"instock","10":"taxable","11":"shipping-taxable","12":"purchasable","13":"product-type-variable"},"_links":{"self":[{"href":"https:\/\/palmascriativa.com\/index.php?rest_route=\/wp\/v2\/product\/2507","targetHints":{"allow":["GET"]}}],"collection":[{"href":"https:\/\/palmascriativa.com\/index.php?rest_route=\/wp\/v2\/product"}],"about":[{"href":"https:\/\/palmascriativa.com\/index.php?rest_route=\/wp\/v2\/types\/product"}],"version-history":[{"count":10,"href":"https:\/\/palmascriativa.com\/index.php?rest_route=\/wp\/v2\/product\/2507\/revisions"}],"predecessor-version":[{"id":3903,"href":"https:\/\/palmascriativa.com\/index.php?rest_route=\/wp\/v2\/product\/2507\/revisions\/3903"}],"wp:featuredmedia":[{"embeddable":true,"href":"https:\/\/palmascriativa.com\/index.php?rest_route=\/wp\/v2\/media\/2528"}],"wp:attachment":[{"href":"https:\/\/palmascriativa.com\/index.php?rest_route=%2Fwp%2Fv2%2Fmedia&parent=2507"}],"wp:term":[{"taxonomy":"product_brand","embeddable":true,"href":"https:\/\/palmascriativa.com\/index.php?rest_route=%2Fwp%2Fv2%2Fproduct_brand&post=2507"},{"taxonomy":"product_cat","embeddable":true,"href":"https:\/\/palmascriativa.com\/index.php?rest_route=%2Fwp%2Fv2%2Fproduct_cat&post=2507"},{"taxonomy":"product_tag","embeddable":true,"href":"https:\/\/palmascriativa.com\/index.php?rest_route=%2Fwp%2Fv2%2Fproduct_tag&post=2507"}],"curies":[{"name":"wp","href":"https:\/\/api.w.org\/{rel}","templated":true}]}}