{"id":2520,"date":"2021-04-14T20:08:15","date_gmt":"2021-04-14T20:08:15","guid":{"rendered":"http:\/\/palmascriativa.com\/?post_type=product&#038;p=2520"},"modified":"2025-09-24T11:38:53","modified_gmt":"2025-09-24T11:38:53","slug":"rifas-1-000-numeros","status":"publish","type":"product","link":"https:\/\/palmascriativa.com\/?product=rifas-1-000-numeros","title":{"rendered":"RIFAS"},"content":{"rendered":"<p>RIFA Simples &#8211; Tamanho: 16,5&#215;5,4cm, impress\u00e3o colorida 1 lado, papel ap 75g &#8211; Acabamento: Grampo, Picote e Numera\u00e7\u00e3o<br \/>\nExtras: blocos 25 n\u00fameros (padr\u00e3o)- *sem impress\u00e3o de fundo*<br \/>\nProdu\u00e7\u00e3o: At\u00e9 2 a 3\u00a0 dias \u00fateis<\/p>\n<p>500 rifas: R$ 195,00<br \/>\n1.000 rifas: R$ 269,00<br \/>\n2.000 rifas: R$ 420,00<\/p>\n<p><img fetchpriority=\"high\" decoding=\"async\" class=\"alignnone size-medium wp-image-3720\" src=\"http:\/\/palmascriativa.com\/wp-content\/uploads\/2021\/04\/card-1_4x0_rifa_19-5x0-56cm-sibkzgcpup-300x300.jpg\" alt=\"\" width=\"300\" height=\"300\" srcset=\"https:\/\/palmascriativa.com\/wp-content\/uploads\/2021\/04\/card-1_4x0_rifa_19-5x0-56cm-sibkzgcpup-300x300.jpg 300w, https:\/\/palmascriativa.com\/wp-content\/uploads\/2021\/04\/card-1_4x0_rifa_19-5x0-56cm-sibkzgcpup-150x150.jpg 150w, https:\/\/palmascriativa.com\/wp-content\/uploads\/2021\/04\/card-1_4x0_rifa_19-5x0-56cm-sibkzgcpup-768x768.jpg 768w, https:\/\/palmascriativa.com\/wp-content\/uploads\/2021\/04\/card-1_4x0_rifa_19-5x0-56cm-sibkzgcpup-450x450.jpg 450w, https:\/\/palmascriativa.com\/wp-content\/uploads\/2021\/04\/card-1_4x0_rifa_19-5x0-56cm-sibkzgcpup-100x100.jpg 100w, https:\/\/palmascriativa.com\/wp-content\/uploads\/2021\/04\/card-1_4x0_rifa_19-5x0-56cm-sibkzgcpup-116x116.jpg 116w, https:\/\/palmascriativa.com\/wp-content\/uploads\/2021\/04\/card-1_4x0_rifa_19-5x0-56cm-sibkzgcpup-64x64.jpg 64w, https:\/\/palmascriativa.com\/wp-content\/uploads\/2021\/04\/card-1_4x0_rifa_19-5x0-56cm-sibkzgcpup.jpg 1000w\" sizes=\"(max-width: 300px) 100vw, 300px\" \/><\/p>\n<p><img decoding=\"async\" class=\"alignnone wp-image-3434\" src=\"http:\/\/palmascriativa.com\/wp-content\/uploads\/2021\/04\/Rifa_-300x99.jpg\" alt=\"\" width=\"630\" height=\"208\" srcset=\"https:\/\/palmascriativa.com\/wp-content\/uploads\/2021\/04\/Rifa_-300x99.jpg 300w, https:\/\/palmascriativa.com\/wp-content\/uploads\/2021\/04\/Rifa_-1024x338.jpg 1024w, https:\/\/palmascriativa.com\/wp-content\/uploads\/2021\/04\/Rifa_-768x254.jpg 768w, https:\/\/palmascriativa.com\/wp-content\/uploads\/2021\/04\/Rifa_-1536x508.jpg 1536w, https:\/\/palmascriativa.com\/wp-content\/uploads\/2021\/04\/Rifa_-2048x677.jpg 2048w, https:\/\/palmascriativa.com\/wp-content\/uploads\/2021\/04\/Rifa_-450x149.jpg 450w, https:\/\/palmascriativa.com\/wp-content\/uploads\/2021\/04\/Rifa_-228x75.jpg 228w\" sizes=\"(max-width: 630px) 100vw, 630px\" \/><\/p>\n<p>* O valor da arte se refere a cria\u00e7\u00e3o da pe\u00e7a simples. N\u00e3o est\u00e1 incluso cria\u00e7\u00e3o de logomarca. Valores de cria\u00e7\u00e3o de logomarca \u00e9 cobrado separadamente de acordo com o tempo de servi\u00e7o de arte final. Textos e corre\u00e7\u00f5es gramaticais s\u00e3o de completa responsabilidade do cliente.<\/p>\n<p>C\u00f3d:<\/p>\n<p>500 unid.: 336<br \/>\n1.000 unid.: 337<br \/>\n2.000 unid.: 338<\/p>\n","protected":false},"excerpt":{"rendered":"<p>Formato: 16,5&#215;5,4cm<br \/>\nCores: 4&#215;0 cores (colorido frente)<br \/>\nMaterial: Ap 75g<\/p>\n","protected":false},"featured_media":3720,"template":"","meta":[],"product_brand":[],"product_cat":[24],"product_tag":[],"class_list":{"0":"post-2520","1":"product","2":"type-product","3":"status-publish","4":"has-post-thumbnail","6":"product_cat-rifa-cupom","8":"first","9":"instock","10":"taxable","11":"shipping-taxable","12":"purchasable","13":"product-type-variable","14":"has-default-attributes"},"_links":{"self":[{"href":"https:\/\/palmascriativa.com\/index.php?rest_route=\/wp\/v2\/product\/2520","targetHints":{"allow":["GET"]}}],"collection":[{"href":"https:\/\/palmascriativa.com\/index.php?rest_route=\/wp\/v2\/product"}],"about":[{"href":"https:\/\/palmascriativa.com\/index.php?rest_route=\/wp\/v2\/types\/product"}],"version-history":[{"count":7,"href":"https:\/\/palmascriativa.com\/index.php?rest_route=\/wp\/v2\/product\/2520\/revisions"}],"predecessor-version":[{"id":3724,"href":"https:\/\/palmascriativa.com\/index.php?rest_route=\/wp\/v2\/product\/2520\/revisions\/3724"}],"wp:featuredmedia":[{"embeddable":true,"href":"https:\/\/palmascriativa.com\/index.php?rest_route=\/wp\/v2\/media\/3720"}],"wp:attachment":[{"href":"https:\/\/palmascriativa.com\/index.php?rest_route=%2Fwp%2Fv2%2Fmedia&parent=2520"}],"wp:term":[{"taxonomy":"product_brand","embeddable":true,"href":"https:\/\/palmascriativa.com\/index.php?rest_route=%2Fwp%2Fv2%2Fproduct_brand&post=2520"},{"taxonomy":"product_cat","embeddable":true,"href":"https:\/\/palmascriativa.com\/index.php?rest_route=%2Fwp%2Fv2%2Fproduct_cat&post=2520"},{"taxonomy":"product_tag","embeddable":true,"href":"https:\/\/palmascriativa.com\/index.php?rest_route=%2Fwp%2Fv2%2Fproduct_tag&post=2520"}],"curies":[{"name":"wp","href":"https:\/\/api.w.org\/{rel}","templated":true}]}}