{"id":2725,"date":"2021-06-22T12:28:53","date_gmt":"2021-06-22T12:28:53","guid":{"rendered":"http:\/\/palmascriativa.com\/?post_type=product&#038;p=2725"},"modified":"2026-03-12T13:11:07","modified_gmt":"2026-03-12T13:11:07","slug":"panfletos-4-4-impressao-frente-e-verso-couche-90g-10x14cm","status":"publish","type":"product","link":"https:\/\/palmascriativa.com\/?product=panfletos-4-4-impressao-frente-e-verso-couche-90g-10x14cm","title":{"rendered":"PANFLETOS (4\/4) Impress\u00e3o F+V  COUCH\u00ca 90g"},"content":{"rendered":"<p>Panfletos 10&#215;14 cm &#8211; colorido frente e verso &#8211; couch\u00ea 90g<br \/>\n1.000 = R$ 282,00 (6 a 10 dias \u00fateis)<br \/>\n2.500 = R$ 416,00 (4 a 6 dias \u00fateis)<br \/>\n5.000 = R$ 610,00 (4 a 6 dias \u00fateis)<br \/>\n10.000 = R$ 1.070,00 (6 a 10 dias \u00fateis)<\/p>\n<p>Panfletos 14x20cm &#8211; colorido frente e verso &#8211; couch\u00ea 90g<br \/>\n1.000 = R$ 479,00 (6 a 10 dias \u00fateis)<br \/>\n2.500 = R$ 718,00 (4 a 6 dias \u00fateis)<br \/>\n5.000 = R$ 1.164,00 (4 a 6 dias \u00fateis)<br \/>\n10.000 = R$ 2.182,00 (6 a 10 dias \u00fateis)<\/p>\n<p>Panfletos 20x28cm &#8211; colorido frente e verso &#8211; couch\u00ea 90g<br \/>\n1.000 = R$ 866,00 (6 a 10 dias \u00fateis)<br \/>\n2.500 = R$ 1.366,00 (4 a 6 dias \u00fateis)<br \/>\n5.000 = R$ 2.514,00 (4 a 6 dias \u00fateis)<br \/>\n10.000 = R$ 4.508,00 (6 a 10 dias \u00fateis)<\/p>\n<p>Obs.: para prazos de urg\u00eancia consultar!<\/p>\n<p><strong>* Arte n\u00e3o inclusa no valor do produto!<\/strong><br \/>\n<strong>*Para servi\u00e7o de arte final, entrar em contato: (63) 3215-5948<\/strong><\/p>\n<p>C\u00f3d. Interno: 10x14cm<br \/>\n1.000 unidades: 254<br \/>\n2.500 unidades: 255<br \/>\n5.000 unidades: 256<br \/>\n10.000 unidades: 258<\/p>\n<p>C\u00f3d. Interno: 14x20cm<br \/>\n1.000 unidades: 259<br \/>\n2.500 unidades: 260<br \/>\n5.000 unidades: 261<br \/>\n10.000 unidades: 262<\/p>\n<p>C\u00f3d. Interno: 20x28cm<br \/>\n1.000 unidades: 263<br \/>\n2.500 unidades: 264<br \/>\n5.000 unidades: 265<br \/>\n10.000 unidades: 266<\/p>\n","protected":false},"excerpt":{"rendered":"<p>Panfletos 10&#215;14 cm &#8211; colorido frente e verso &#8211; couch\u00ea 90g<br \/>\n1.000 = R$ 282,00 (6 a 10 dias \u00fateis)<br \/>\n2.500 = R$ 416,00 (4 a 6 dias \u00fateis)<br \/>\n5.000 = R$ 610,00 (4 a 6 dias \u00fateis)<br \/>\n10.000 = R$ 1.070,00 (6 a 10 dias \u00fateis)<\/p>\n<p>Panfletos 14x20cm &#8211; colorido frente e verso &#8211; couch\u00ea 90g<br \/>\n1.000 = R$ 479,00 (6 a 10 dias \u00fateis)<br \/>\n2.500 = R$ 718,00 (4 a 6 dias \u00fateis)<br \/>\n5.000 = R$ 1.164,00 (4 a 6 dias \u00fateis)<br \/>\n10.000 = R$ 2.182,00 (6 a 10 dias \u00fateis)<\/p>\n<p>Panfletos 20x28cm &#8211; colorido frente e verso &#8211; couch\u00ea 90g<br \/>\n1.000 = R$ 866,00 (6 a 10 dias \u00fateis)<br \/>\n2.500 = R$ 1.366,00 (4 a 6 dias \u00fateis)<br \/>\n5.000 = R$ 2.514,00 (4 a 6 dias \u00fateis)<br \/>\n10.000 = R$ 4.508,00 (6 a 10 dias \u00fateis)<\/p>\n<p>Obs.: para prazos de urg\u00eancia consultar!<\/p>\n<p><strong>* Arte n\u00e3o inclusa no valor do produto!<\/strong><\/p>\n","protected":false},"featured_media":2717,"template":"","meta":[],"product_brand":[],"product_cat":[31],"product_tag":[],"class_list":{"0":"post-2725","1":"product","2":"type-product","3":"status-publish","4":"has-post-thumbnail","6":"product_cat-panfletos-e-flyers","8":"first","9":"instock","10":"taxable","11":"shipping-taxable","12":"purchasable","13":"product-type-variable"},"_links":{"self":[{"href":"https:\/\/palmascriativa.com\/index.php?rest_route=\/wp\/v2\/product\/2725","targetHints":{"allow":["GET"]}}],"collection":[{"href":"https:\/\/palmascriativa.com\/index.php?rest_route=\/wp\/v2\/product"}],"about":[{"href":"https:\/\/palmascriativa.com\/index.php?rest_route=\/wp\/v2\/types\/product"}],"version-history":[{"count":17,"href":"https:\/\/palmascriativa.com\/index.php?rest_route=\/wp\/v2\/product\/2725\/revisions"}],"predecessor-version":[{"id":3882,"href":"https:\/\/palmascriativa.com\/index.php?rest_route=\/wp\/v2\/product\/2725\/revisions\/3882"}],"wp:featuredmedia":[{"embeddable":true,"href":"https:\/\/palmascriativa.com\/index.php?rest_route=\/wp\/v2\/media\/2717"}],"wp:attachment":[{"href":"https:\/\/palmascriativa.com\/index.php?rest_route=%2Fwp%2Fv2%2Fmedia&parent=2725"}],"wp:term":[{"taxonomy":"product_brand","embeddable":true,"href":"https:\/\/palmascriativa.com\/index.php?rest_route=%2Fwp%2Fv2%2Fproduct_brand&post=2725"},{"taxonomy":"product_cat","embeddable":true,"href":"https:\/\/palmascriativa.com\/index.php?rest_route=%2Fwp%2Fv2%2Fproduct_cat&post=2725"},{"taxonomy":"product_tag","embeddable":true,"href":"https:\/\/palmascriativa.com\/index.php?rest_route=%2Fwp%2Fv2%2Fproduct_tag&post=2725"}],"curies":[{"name":"wp","href":"https:\/\/api.w.org\/{rel}","templated":true}]}}