{"id":2814,"date":"2021-06-30T11:58:48","date_gmt":"2021-06-30T11:58:48","guid":{"rendered":"http:\/\/palmascriativa.com\/?post_type=product&#038;p=2814"},"modified":"2026-03-12T18:51:54","modified_gmt":"2026-03-12T18:51:54","slug":"timbrados","status":"publish","type":"product","link":"https:\/\/palmascriativa.com\/?product=timbrados","title":{"rendered":"TIMBRADOS A4 21&#215;29,7cm"},"content":{"rendered":"<p>TIMBRADOS A4 21\u00d729,7cm, 4\u00d70 cores (colorido frente) Sulfite 90g<br \/>\n250 unidades: R$ 450,00 (1,80 cada)<br \/>\n500 unidades: R$ 599,00 (1,19 cada)<br \/>\n1000 unidades: R$ 663,00 (0,66 cada<br \/>\n2000 unidades: R$ 980,00 (0,49 cada)<br \/>\n5000 unidades: R$ 2.000,00 (0,40 cada)<\/p>\n<p>C\u00f3d:<br \/>\n250 unidades: 279<br \/>\n500 unidades: 280<br \/>\n1.000 unidades: 281<br \/>\n2.000 unidades: 282<br \/>\n5.000 unidades: 283<\/p>\n<p>* N\u00e3o est\u00e1 incluso servi\u00e7os de arte final.<br \/>\n*Tempo de produ\u00e7\u00e3o de 2 a 4 dias \u00fateis<\/p>\n","protected":false},"excerpt":{"rendered":"<p>TIMBRADOS A4 21\u00d729,7cm, 4\u00d70 cores (colorido frente) Sulfite 90g<br \/>\n250 unidades: R$ 450,00 (1,80 cada)<br \/>\n500 unidades: R$ 599,00 (1,19 cada)<br \/>\n1000 unidades: R$ 663,00 (0,66 cada<br \/>\n2000 unidades: R$ 980,00 (0,49 cada)<br \/>\n5000 unidades: R$ 2.000,00 (0,40 cada)<\/p>\n","protected":false},"featured_media":2752,"template":"","meta":[],"product_brand":[],"product_cat":[33],"product_tag":[],"class_list":{"0":"post-2814","1":"product","2":"type-product","3":"status-publish","4":"has-post-thumbnail","6":"product_cat-timbrados-receituarios-folhas-soltas","8":"first","9":"instock","10":"taxable","11":"shipping-taxable","12":"purchasable","13":"product-type-variable"},"_links":{"self":[{"href":"https:\/\/palmascriativa.com\/index.php?rest_route=\/wp\/v2\/product\/2814","targetHints":{"allow":["GET"]}}],"collection":[{"href":"https:\/\/palmascriativa.com\/index.php?rest_route=\/wp\/v2\/product"}],"about":[{"href":"https:\/\/palmascriativa.com\/index.php?rest_route=\/wp\/v2\/types\/product"}],"version-history":[{"count":6,"href":"https:\/\/palmascriativa.com\/index.php?rest_route=\/wp\/v2\/product\/2814\/revisions"}],"predecessor-version":[{"id":3920,"href":"https:\/\/palmascriativa.com\/index.php?rest_route=\/wp\/v2\/product\/2814\/revisions\/3920"}],"wp:featuredmedia":[{"embeddable":true,"href":"https:\/\/palmascriativa.com\/index.php?rest_route=\/wp\/v2\/media\/2752"}],"wp:attachment":[{"href":"https:\/\/palmascriativa.com\/index.php?rest_route=%2Fwp%2Fv2%2Fmedia&parent=2814"}],"wp:term":[{"taxonomy":"product_brand","embeddable":true,"href":"https:\/\/palmascriativa.com\/index.php?rest_route=%2Fwp%2Fv2%2Fproduct_brand&post=2814"},{"taxonomy":"product_cat","embeddable":true,"href":"https:\/\/palmascriativa.com\/index.php?rest_route=%2Fwp%2Fv2%2Fproduct_cat&post=2814"},{"taxonomy":"product_tag","embeddable":true,"href":"https:\/\/palmascriativa.com\/index.php?rest_route=%2Fwp%2Fv2%2Fproduct_tag&post=2814"}],"curies":[{"name":"wp","href":"https:\/\/api.w.org\/{rel}","templated":true}]}}