{"id":2821,"date":"2021-06-30T12:06:30","date_gmt":"2021-06-30T12:06:30","guid":{"rendered":"http:\/\/palmascriativa.com\/?post_type=product&#038;p=2821"},"modified":"2026-03-12T18:58:39","modified_gmt":"2026-03-12T18:58:39","slug":"timbrados-a5-147x21cm","status":"publish","type":"product","link":"https:\/\/palmascriativa.com\/?product=timbrados-a5-147x21cm","title":{"rendered":"TIMBRADOS A5 14,7x21cm"},"content":{"rendered":"<p>TIMBRADOS A5 14,8\u00d721cm, 4\u00d70 cores (colorido frente) Sulfite 90g<br \/>\n250 unidades: R$ 250,00 (1,00 cada)<br \/>\n500 unidades: R$ 350,00 (0,70 cada)<br \/>\n1000 unidades: R$ 450,00 (0,45 cada<br \/>\n2000 unidades: R$ 760,00 (0,38 cada)<br \/>\n5000 unidades: R$ 1.700,00 (0,34 cada)<\/p>\n<p>C\u00f3d Interno:<br \/>\n250 unidades: 284<br \/>\n500 unidades: 285<br \/>\n1.000 unidades: 286<br \/>\n2.000 unidades: 287<br \/>\n5.000 unidades: 288<\/p>\n<p>* N\u00e3o est\u00e1 incluso servi\u00e7os de arte final.<br \/>\n*Prazo de produ\u00e7\u00e3o de 2 a 6 dias \u00fateis<\/p>\n","protected":false},"excerpt":{"rendered":"<p>TIMBRADOS A5 14,8\u00d721cm, 4\u00d70 cores (colorido frente) Sulfite 90g<br \/>\n250 unidades: R$ 250,00 (1,00 cada)<br \/>\n500 unidades: R$ 350,00 (0,70 cada)<br \/>\n1000 unidades: R$ 450,00 (0,45 cada<br \/>\n2000 unidades: R$ 760,00 (0,38 cada)<br \/>\n5000 unidades: R$ 1.700,00 (0,34 cada)<\/p>\n","protected":false},"featured_media":2752,"template":"","meta":[],"product_brand":[],"product_cat":[33],"product_tag":[],"class_list":{"0":"post-2821","1":"product","2":"type-product","3":"status-publish","4":"has-post-thumbnail","6":"product_cat-timbrados-receituarios-folhas-soltas","8":"first","9":"instock","10":"taxable","11":"shipping-taxable","12":"purchasable","13":"product-type-variable"},"_links":{"self":[{"href":"https:\/\/palmascriativa.com\/index.php?rest_route=\/wp\/v2\/product\/2821","targetHints":{"allow":["GET"]}}],"collection":[{"href":"https:\/\/palmascriativa.com\/index.php?rest_route=\/wp\/v2\/product"}],"about":[{"href":"https:\/\/palmascriativa.com\/index.php?rest_route=\/wp\/v2\/types\/product"}],"version-history":[{"count":5,"href":"https:\/\/palmascriativa.com\/index.php?rest_route=\/wp\/v2\/product\/2821\/revisions"}],"predecessor-version":[{"id":3922,"href":"https:\/\/palmascriativa.com\/index.php?rest_route=\/wp\/v2\/product\/2821\/revisions\/3922"}],"wp:featuredmedia":[{"embeddable":true,"href":"https:\/\/palmascriativa.com\/index.php?rest_route=\/wp\/v2\/media\/2752"}],"wp:attachment":[{"href":"https:\/\/palmascriativa.com\/index.php?rest_route=%2Fwp%2Fv2%2Fmedia&parent=2821"}],"wp:term":[{"taxonomy":"product_brand","embeddable":true,"href":"https:\/\/palmascriativa.com\/index.php?rest_route=%2Fwp%2Fv2%2Fproduct_brand&post=2821"},{"taxonomy":"product_cat","embeddable":true,"href":"https:\/\/palmascriativa.com\/index.php?rest_route=%2Fwp%2Fv2%2Fproduct_cat&post=2821"},{"taxonomy":"product_tag","embeddable":true,"href":"https:\/\/palmascriativa.com\/index.php?rest_route=%2Fwp%2Fv2%2Fproduct_tag&post=2821"}],"curies":[{"name":"wp","href":"https:\/\/api.w.org\/{rel}","templated":true}]}}