{"id":2828,"date":"2021-06-30T12:36:45","date_gmt":"2021-06-30T12:36:45","guid":{"rendered":"http:\/\/palmascriativa.com\/?post_type=product&#038;p=2828"},"modified":"2026-03-12T19:19:22","modified_gmt":"2026-03-12T19:19:22","slug":"blocos-de-receituarios-a4-21x297cm","status":"publish","type":"product","link":"https:\/\/palmascriativa.com\/?product=blocos-de-receituarios-a4-21x297cm","title":{"rendered":"BLOCOS DE RECEITU\u00c1RIOS A4 21&#215;29,7cm"},"content":{"rendered":"<p>RECEITU\u00c1RIOS 50&#215;1 via, impress\u00e3o COLORIDA em papel AP 90g, tamanho 21&#215;29,7cm:<br \/>\n5 Blocos \u2013 <strong>R$ 550,00 <\/strong>(R$ 110,00 cada)<br \/>\n10 Blocos \u2013 <strong>R$ 690,00 <\/strong>(R$ 69,00 cada)<br \/>\n20 Blocos &#8211; <strong>R$ 890,00 <\/strong>(R$ 44,50 cada)<br \/>\n30 Blocos \u2013 <strong>R$ 1.180,00 <\/strong>(R$ 39,33 cada)<br \/>\n40 Blocos \u2013 <strong>R$ 1.440,00 <\/strong>(R$ 36,00 cada)<br \/>\n50 Blocos &#8211; <strong>R$ 1.825,00 <\/strong>(R$ 36,50 cada)<\/p>\n<p>Prazo de produ\u00e7\u00e3o de 2 a 4 dias \u00fateis.<\/p>\n<p><strong>* N\u00e3o est\u00e1 incluso cria\u00e7\u00e3o da arte. Valores de cria\u00e7\u00e3o de arte \u00e9 cobrado separadamente de acordo com o tempo de servi\u00e7o de arte final. Textos e corre\u00e7\u00f5es gramaticais s\u00e3o de completa responsabilidade do cliente.<\/strong><\/p>\n<p>Ref. Interna:<br \/>\n5 blocos: 273<br \/>\n10 blocos: 274<br \/>\n20 blocos: 275<br \/>\n30 blocos: 276<br \/>\n40 blocos: 277<br \/>\n50 blocos: 278<\/p>\n","protected":false},"excerpt":{"rendered":"<p>RECEITU\u00c1RIOS 50&#215;1 via, impress\u00e3o COLORIDA em papel AP 90g, tamanho 21&#215;29,7cm:<br \/>\n5 Blocos \u2013 <strong>R$ 550,00 <\/strong>(R$ 110,00 cada)<br \/>\n10 Blocos \u2013 <strong>R$ 690,00 <\/strong>(R$ 69,00 cada)<br \/>\n20 Blocos &#8211; <strong>R$ 890,00 <\/strong>(R$ 44,50 cada)<br \/>\n30 Blocos \u2013 <strong>R$ 1.180,00 <\/strong>(R$ 39,33 cada)<br \/>\n40 Blocos \u2013 <strong>R$ 1.440,00 <\/strong>(R$ 36,00 cada)<br \/>\n50 Blocos &#8211; <strong>R$ 1.825,00 <\/strong>(R$ 36,50 cada)<\/p>\n","protected":false},"featured_media":2843,"template":"","meta":[],"product_brand":[],"product_cat":[32],"product_tag":[],"class_list":{"0":"post-2828","1":"product","2":"type-product","3":"status-publish","4":"has-post-thumbnail","6":"product_cat-receituarios-em-blocos","8":"first","9":"instock","10":"taxable","11":"shipping-taxable","12":"purchasable","13":"product-type-variable"},"_links":{"self":[{"href":"https:\/\/palmascriativa.com\/index.php?rest_route=\/wp\/v2\/product\/2828","targetHints":{"allow":["GET"]}}],"collection":[{"href":"https:\/\/palmascriativa.com\/index.php?rest_route=\/wp\/v2\/product"}],"about":[{"href":"https:\/\/palmascriativa.com\/index.php?rest_route=\/wp\/v2\/types\/product"}],"version-history":[{"count":8,"href":"https:\/\/palmascriativa.com\/index.php?rest_route=\/wp\/v2\/product\/2828\/revisions"}],"predecessor-version":[{"id":3926,"href":"https:\/\/palmascriativa.com\/index.php?rest_route=\/wp\/v2\/product\/2828\/revisions\/3926"}],"wp:featuredmedia":[{"embeddable":true,"href":"https:\/\/palmascriativa.com\/index.php?rest_route=\/wp\/v2\/media\/2843"}],"wp:attachment":[{"href":"https:\/\/palmascriativa.com\/index.php?rest_route=%2Fwp%2Fv2%2Fmedia&parent=2828"}],"wp:term":[{"taxonomy":"product_brand","embeddable":true,"href":"https:\/\/palmascriativa.com\/index.php?rest_route=%2Fwp%2Fv2%2Fproduct_brand&post=2828"},{"taxonomy":"product_cat","embeddable":true,"href":"https:\/\/palmascriativa.com\/index.php?rest_route=%2Fwp%2Fv2%2Fproduct_cat&post=2828"},{"taxonomy":"product_tag","embeddable":true,"href":"https:\/\/palmascriativa.com\/index.php?rest_route=%2Fwp%2Fv2%2Fproduct_tag&post=2828"}],"curies":[{"name":"wp","href":"https:\/\/api.w.org\/{rel}","templated":true}]}}