{"id":2892,"date":"2021-07-12T13:24:57","date_gmt":"2021-07-12T13:24:57","guid":{"rendered":"https:\/\/palmascriativa.com\/?post_type=product&#038;p=2892"},"modified":"2026-03-12T13:23:35","modified_gmt":"2026-03-12T13:23:35","slug":"adesivos-rotulos-vinil","status":"publish","type":"product","link":"https:\/\/palmascriativa.com\/?product=adesivos-rotulos-vinil","title":{"rendered":"ADESIVOS\/R\u00d3TULOS &#8211; VINIL"},"content":{"rendered":"<p>Adesivo vinil premium fosco com impress\u00e3o colorida e corte eletr\u00f4nico (cartelas) com a mesma arte<\/p>\n<p>Quantidade m\u00ednima de cada tamanho:<\/p>\n<p><strong>R$ 140,00<\/strong><br \/>\n3x3cm: 1.000 unidades<\/p>\n<p><strong>R$ 130,00<\/strong><br \/>\n4x4cm: 600 unidades<br \/>\n5x5cm: 400 unidades<br \/>\n6x6cm: 270 unidades<br \/>\n7x7cm: 200 unidades<br \/>\n8x8cm: 150 unidades<\/p>\n<p>Acabamento(s) padr\u00e3o(\u00f5es):<br \/>\nMEIO CORTE ESPECIAL<br \/>\n* ENVIAR O CORTE JUNTO COM A ARTE<\/p>\n<p>* PRAZO DE PROCU\u00c7\u00c3O PODE VARIAR DE ACORDO COM A QUANTIDADE<br \/>\n* Valores n\u00e3o incluem servi\u00e7o de arte final.<\/p>\n<p>Ref. Interna: 130<\/p>\n","protected":false},"excerpt":{"rendered":"<p>Adesivo vinil premium fosco com impress\u00e3o colorida e corte eletr\u00f4nico (cartelas) com a mesma arte Quantidade m\u00ednima de cada tamanho:&hellip;<\/p>\n","protected":false},"featured_media":2900,"template":"","meta":[],"product_brand":[],"product_cat":[22],"product_tag":[],"class_list":{"0":"post-2892","1":"product","2":"type-product","3":"status-publish","4":"has-post-thumbnail","6":"product_cat-adesivos-rotulos","8":"first","9":"instock","10":"taxable","11":"shipping-taxable","12":"purchasable","13":"product-type-variable"},"_links":{"self":[{"href":"https:\/\/palmascriativa.com\/index.php?rest_route=\/wp\/v2\/product\/2892","targetHints":{"allow":["GET"]}}],"collection":[{"href":"https:\/\/palmascriativa.com\/index.php?rest_route=\/wp\/v2\/product"}],"about":[{"href":"https:\/\/palmascriativa.com\/index.php?rest_route=\/wp\/v2\/types\/product"}],"version-history":[{"count":8,"href":"https:\/\/palmascriativa.com\/index.php?rest_route=\/wp\/v2\/product\/2892\/revisions"}],"predecessor-version":[{"id":3887,"href":"https:\/\/palmascriativa.com\/index.php?rest_route=\/wp\/v2\/product\/2892\/revisions\/3887"}],"wp:featuredmedia":[{"embeddable":true,"href":"https:\/\/palmascriativa.com\/index.php?rest_route=\/wp\/v2\/media\/2900"}],"wp:attachment":[{"href":"https:\/\/palmascriativa.com\/index.php?rest_route=%2Fwp%2Fv2%2Fmedia&parent=2892"}],"wp:term":[{"taxonomy":"product_brand","embeddable":true,"href":"https:\/\/palmascriativa.com\/index.php?rest_route=%2Fwp%2Fv2%2Fproduct_brand&post=2892"},{"taxonomy":"product_cat","embeddable":true,"href":"https:\/\/palmascriativa.com\/index.php?rest_route=%2Fwp%2Fv2%2Fproduct_cat&post=2892"},{"taxonomy":"product_tag","embeddable":true,"href":"https:\/\/palmascriativa.com\/index.php?rest_route=%2Fwp%2Fv2%2Fproduct_tag&post=2892"}],"curies":[{"name":"wp","href":"https:\/\/api.w.org\/{rel}","templated":true}]}}