{"id":3028,"date":"2021-07-30T13:22:16","date_gmt":"2021-07-30T13:22:16","guid":{"rendered":"https:\/\/palmascriativa.com\/?post_type=product&#038;p=3028"},"modified":"2025-10-22T20:05:18","modified_gmt":"2025-10-22T20:05:18","slug":"pastas","status":"publish","type":"product","link":"https:\/\/palmascriativa.com\/?product=pastas","title":{"rendered":"PASTAS COM BOLSA  Verniz Localizado"},"content":{"rendered":"<p>Pasta com bolsa colada, personalizada, colorido externo, Tamanho: 31x44cm (aberta)<br \/>\nPapel: Couch\u00ea 300g, Acabamento: Aplica\u00e7\u00e3o de BOPP Fosco e Verniz Localizado\u00a0 externo<\/p>\n<p>500 unidades: R$ 3.248,00<br \/>\n1.000 unidades: R$ 5.178,00<\/p>\n<p>Prazo de produ\u00e7\u00e3o: de 6 a 11 dias \u00fateis<\/p>\n<p>* O valor da arte se refere a cria\u00e7\u00e3o da pe\u00e7a simples. N\u00e3o est\u00e1 incluso cria\u00e7\u00e3o de logomarca. Valores de cria\u00e7\u00e3o de logomarca \u00e9 cobrado separadamente de acordo com o tempo de servi\u00e7o de arte final. Textos e corre\u00e7\u00f5es gramaticais s\u00e3o de completa responsabilidade do cliente.<\/p>\n<p>C\u00f3d: 2000336835261 ZP<\/p>\n","protected":false},"excerpt":{"rendered":"<p><span style=\"color: #ff0000;\"><strong>4&#215;0 cor:<\/strong><\/span> colorido externo<\/p>\n<p>Tamanho: 31x45cm (aberta)<br \/>\nAcabamento: Aplica\u00e7\u00e3o de BOPP Fosco e Verniz Localizado\u00a0 externo<\/p>\n<p>Prazo de produ\u00e7\u00e3o: de 5 a 10 dias \u00fateis<\/p>\n","protected":false},"featured_media":3027,"template":"","meta":[],"product_brand":[],"product_cat":[35],"product_tag":[],"class_list":{"0":"post-3028","1":"product","2":"type-product","3":"status-publish","4":"has-post-thumbnail","6":"product_cat-pastas","8":"first","9":"instock","10":"taxable","11":"shipping-taxable","12":"purchasable","13":"product-type-variable","14":"has-default-attributes"},"_links":{"self":[{"href":"https:\/\/palmascriativa.com\/index.php?rest_route=\/wp\/v2\/product\/3028","targetHints":{"allow":["GET"]}}],"collection":[{"href":"https:\/\/palmascriativa.com\/index.php?rest_route=\/wp\/v2\/product"}],"about":[{"href":"https:\/\/palmascriativa.com\/index.php?rest_route=\/wp\/v2\/types\/product"}],"version-history":[{"count":4,"href":"https:\/\/palmascriativa.com\/index.php?rest_route=\/wp\/v2\/product\/3028\/revisions"}],"predecessor-version":[{"id":3752,"href":"https:\/\/palmascriativa.com\/index.php?rest_route=\/wp\/v2\/product\/3028\/revisions\/3752"}],"wp:featuredmedia":[{"embeddable":true,"href":"https:\/\/palmascriativa.com\/index.php?rest_route=\/wp\/v2\/media\/3027"}],"wp:attachment":[{"href":"https:\/\/palmascriativa.com\/index.php?rest_route=%2Fwp%2Fv2%2Fmedia&parent=3028"}],"wp:term":[{"taxonomy":"product_brand","embeddable":true,"href":"https:\/\/palmascriativa.com\/index.php?rest_route=%2Fwp%2Fv2%2Fproduct_brand&post=3028"},{"taxonomy":"product_cat","embeddable":true,"href":"https:\/\/palmascriativa.com\/index.php?rest_route=%2Fwp%2Fv2%2Fproduct_cat&post=3028"},{"taxonomy":"product_tag","embeddable":true,"href":"https:\/\/palmascriativa.com\/index.php?rest_route=%2Fwp%2Fv2%2Fproduct_tag&post=3028"}],"curies":[{"name":"wp","href":"https:\/\/api.w.org\/{rel}","templated":true}]}}