{"id":3152,"date":"2022-01-10T13:41:08","date_gmt":"2022-01-10T13:41:08","guid":{"rendered":"https:\/\/palmascriativa.com\/?post_type=product&#038;p=3152"},"modified":"2026-03-12T14:17:58","modified_gmt":"2026-03-12T14:17:58","slug":"cartoes-de-visita-4-0-couche-250g","status":"publish","type":"product","link":"https:\/\/palmascriativa.com\/?product=cartoes-de-visita-4-0-couche-250g","title":{"rendered":"CART\u00d5ES (impress\u00e3o colorida de 1 lado)"},"content":{"rendered":"<p>Cart\u00e3o de Visita &#8211; 48x88mm em Couch\u00e9 Brilho 300g &#8211; 4&#215;0 (colorido frente e sem impress\u00e3o no verso) &#8211; Verniz Total Brilho Frente &#8211; Refile<\/p>\n<p>1.000 unidades &#8211; R$ 159,00<br \/>\n2.000 unidades &#8211; R$ 270,00<br \/>\n3.000 unidades &#8211; R$ 399,00<\/p>\n<p>Produ\u00e7\u00e3o: De 4 a 6 dias \u00fateis<br \/>\n*Valores n\u00e3o incluem servi\u00e7os de arte final.<\/p>\n<p>C\u00f3d. Int.<br \/>\n1.000 unidades: 101<br \/>\n2.000 unidades: 102<br \/>\n3.000 unidades: 103<\/p>\n<p><a href=\"http:\/\/palmascriativa.com\/wp-content\/uploads\/2021\/03\/3-000-cartoes-de-visita-5x9cm-couche-250g-verniz-uv-total-frente-corte-reto-4x1-cores-colorido-frente-1-cor-no-verso1671.zip\">GABARITO<\/a><\/p>\n","protected":false},"excerpt":{"rendered":"<p>Cart\u00e3o de Visita &#8211; 48x88mm em Couch\u00e9 Brilho 300g &#8211; 4&#215;0 (colorido frente e sem impress\u00e3o no verso) &#8211; Verniz Total Brilho Frente &#8211; Refile<\/p>\n<p>1.000 unidades &#8211; R$ 159,00<br \/>\n2.000 unidades &#8211; R$ 270,00<br \/>\n3.000 unidades &#8211; R$ 399,00<\/p>\n<p>Produ\u00e7\u00e3o: De 4 a 6 dias \u00fateis<br \/>\n*Valores n\u00e3o incluem servi\u00e7os de arte final.<\/p>\n","protected":false},"featured_media":3156,"template":"","meta":[],"product_brand":[],"product_cat":[21],"product_tag":[],"class_list":{"0":"post-3152","1":"product","2":"type-product","3":"status-publish","4":"has-post-thumbnail","6":"product_cat-cartoes","8":"first","9":"instock","10":"sold-individually","11":"purchasable","12":"product-type-variable","13":"has-default-attributes"},"_links":{"self":[{"href":"https:\/\/palmascriativa.com\/index.php?rest_route=\/wp\/v2\/product\/3152","targetHints":{"allow":["GET"]}}],"collection":[{"href":"https:\/\/palmascriativa.com\/index.php?rest_route=\/wp\/v2\/product"}],"about":[{"href":"https:\/\/palmascriativa.com\/index.php?rest_route=\/wp\/v2\/types\/product"}],"version-history":[{"count":16,"href":"https:\/\/palmascriativa.com\/index.php?rest_route=\/wp\/v2\/product\/3152\/revisions"}],"predecessor-version":[{"id":3871,"href":"https:\/\/palmascriativa.com\/index.php?rest_route=\/wp\/v2\/product\/3152\/revisions\/3871"}],"wp:featuredmedia":[{"embeddable":true,"href":"https:\/\/palmascriativa.com\/index.php?rest_route=\/wp\/v2\/media\/3156"}],"wp:attachment":[{"href":"https:\/\/palmascriativa.com\/index.php?rest_route=%2Fwp%2Fv2%2Fmedia&parent=3152"}],"wp:term":[{"taxonomy":"product_brand","embeddable":true,"href":"https:\/\/palmascriativa.com\/index.php?rest_route=%2Fwp%2Fv2%2Fproduct_brand&post=3152"},{"taxonomy":"product_cat","embeddable":true,"href":"https:\/\/palmascriativa.com\/index.php?rest_route=%2Fwp%2Fv2%2Fproduct_cat&post=3152"},{"taxonomy":"product_tag","embeddable":true,"href":"https:\/\/palmascriativa.com\/index.php?rest_route=%2Fwp%2Fv2%2Fproduct_tag&post=3152"}],"curies":[{"name":"wp","href":"https:\/\/api.w.org\/{rel}","templated":true}]}}