{"id":3172,"date":"2022-02-15T16:05:01","date_gmt":"2022-02-15T16:05:01","guid":{"rendered":"https:\/\/palmascriativa.com\/?post_type=product&#038;p=3172"},"modified":"2026-02-12T11:30:42","modified_gmt":"2026-02-12T11:30:42","slug":"blocos-taloes","status":"publish","type":"product","link":"https:\/\/palmascriativa.com\/?product=blocos-taloes","title":{"rendered":"BLOCOS\/TAL\u00d5ES 15x21CM &#8211; Autocopiativo"},"content":{"rendered":"<p>Bloco\u00a0<strong>50\u00d72 Vias<\/strong> \u2013 15x21cm &#8211; 1\u00aa Via Autocopiativo Branco \u2013 2\u00aa Via Verde 53g \u2013 Impress\u00e3o preto e branco \u2013 Blocagem com 50 folhas<\/p>\n<p>5 unidades \u2013 <strong>R$ 340,00<\/strong> (R$ 68,00 cada)<br \/>\n10 unidades \u2013 <strong>R$ 478,00<\/strong> (R$ 47,80 cada)<br \/>\n20 unidades \u2013 <strong>R$ 674,00<\/strong> (R$ 33,70 cada)<br \/>\n50 unidades \u2013 <strong>R$ 1.305,00<\/strong> (R$ 26,10 cada)<\/p>\n<p><span style=\"color: #008000;\"><strong>(Opcional) Numera\u00e7\u00e3o: R$ 45,00<\/strong><\/span><br \/>\n<span style=\"color: #008000;\"><strong>(Opcional) Serrilha adicional: R$ 100,00<\/strong><\/span><\/p>\n<p>Bloco<strong>\u00a050\u00d73 Vias<\/strong> \u2013 15x21cm &#8211; 1\u00aa Via Autocopiativo Branco \u2013 2\u00aa Via Amarela 53g \u2013 3\u00aa Via Verde 53g \u2013 Impress\u00e3o preto e branco \u2013 Blocagem com 50 folhas<\/p>\n<p>5 unidades \u2013 <strong>R$ 445,00<\/strong> (R$ 89,00 cada)<br \/>\n10 unidades \u2013 <strong>R$ 595,00<\/strong> (R$ 59,50 cada)<br \/>\n20 unidades \u2013 <strong>R$ 945,00<\/strong> (R$ 47,25 cada)<br \/>\n50 unidades \u2013 <strong>R$ 1.990,00<\/strong> (R$ 39,80 cada)<\/p>\n<p><span style=\"color: #008000;\"><strong>(Opcional) Numera\u00e7\u00e3o: R$ 45,00<\/strong><\/span><br \/>\n<span style=\"color: #008000;\"><strong>(Opcional) Serrilha adicional: R$ 100,00<\/strong><\/span><\/p>\n<p>*VALOR DE ARTE COBRADO SEPARADAMENTE. POR FAVOR ENTRE EM CONTATO PARA OR\u00c7AMENTO.<\/p>\n<p>C\u00d3D INTERNO:<br \/>\n<strong>50&#215;2 vias<\/strong><br \/>\n5 unidades \u2013 214<br \/>\n10 unidades \u2013 215<br \/>\n20 unidades \u2013 216<br \/>\n50 unidades \u2013 217<\/p>\n<p><strong>50&#215;3 vias<\/strong><br \/>\n5 unidades \u2013 218<br \/>\n10 unidades \u2013 219<br \/>\n20 unidades \u2013 220<br \/>\n50 unidades \u2013 221<\/p>\n<p>____________________________________________<\/p>\n<p>ACABAMENTO<\/p>\n<p>Serrilha &#8211; 393<br \/>\nNumera\u00e7\u00e3o &#8211; 394<\/p>\n","protected":false},"excerpt":{"rendered":"<p>Blocos autocopiativos com 2 ou 3 vias, tamanho \u2013 15x21cm \u2013 Impress\u00e3o preto e branco \u2013 Blocagem com 50 folhas (por via)<\/p>\n<p>Acabamento: Numera\u00e7\u00e3o Opcional<br \/>\nProdu\u00e7\u00e3o: De 2 a 5 dias \u00fateis<\/p>\n","protected":false},"featured_media":3173,"template":"","meta":[],"product_brand":[],"product_cat":[24],"product_tag":[],"class_list":{"0":"post-3172","1":"product","2":"type-product","3":"status-publish","4":"has-post-thumbnail","6":"product_cat-rifa-cupom","8":"first","9":"instock","10":"taxable","11":"shipping-taxable","12":"purchasable","13":"product-type-variable"},"_links":{"self":[{"href":"https:\/\/palmascriativa.com\/index.php?rest_route=\/wp\/v2\/product\/3172","targetHints":{"allow":["GET"]}}],"collection":[{"href":"https:\/\/palmascriativa.com\/index.php?rest_route=\/wp\/v2\/product"}],"about":[{"href":"https:\/\/palmascriativa.com\/index.php?rest_route=\/wp\/v2\/types\/product"}],"version-history":[{"count":18,"href":"https:\/\/palmascriativa.com\/index.php?rest_route=\/wp\/v2\/product\/3172\/revisions"}],"predecessor-version":[{"id":3834,"href":"https:\/\/palmascriativa.com\/index.php?rest_route=\/wp\/v2\/product\/3172\/revisions\/3834"}],"wp:featuredmedia":[{"embeddable":true,"href":"https:\/\/palmascriativa.com\/index.php?rest_route=\/wp\/v2\/media\/3173"}],"wp:attachment":[{"href":"https:\/\/palmascriativa.com\/index.php?rest_route=%2Fwp%2Fv2%2Fmedia&parent=3172"}],"wp:term":[{"taxonomy":"product_brand","embeddable":true,"href":"https:\/\/palmascriativa.com\/index.php?rest_route=%2Fwp%2Fv2%2Fproduct_brand&post=3172"},{"taxonomy":"product_cat","embeddable":true,"href":"https:\/\/palmascriativa.com\/index.php?rest_route=%2Fwp%2Fv2%2Fproduct_cat&post=3172"},{"taxonomy":"product_tag","embeddable":true,"href":"https:\/\/palmascriativa.com\/index.php?rest_route=%2Fwp%2Fv2%2Fproduct_tag&post=3172"}],"curies":[{"name":"wp","href":"https:\/\/api.w.org\/{rel}","templated":true}]}}