{"id":3235,"date":"2022-02-15T16:25:20","date_gmt":"2022-02-15T16:25:20","guid":{"rendered":"https:\/\/palmascriativa.com\/?post_type=product&#038;p=3235"},"modified":"2026-02-12T11:43:46","modified_gmt":"2026-02-12T11:43:46","slug":"blocos-taloes-21x30cm-autocopiativo","status":"publish","type":"product","link":"https:\/\/palmascriativa.com\/?product=blocos-taloes-21x30cm-autocopiativo","title":{"rendered":"BLOCOS\/TAL\u00d5ES 21x30CM &#8211; Autocopiativo"},"content":{"rendered":"<p>Bloco <strong>50&#215;2 Vias<\/strong> &#8211; 21x30cm &#8211; 1\u00aa Via Autocopiativo Branco &#8211; 2\u00aa Via Verde 53g &#8211; Impress\u00e3o preto e branco &#8211; Blocagem com 50 folhas<\/p>\n<p>5 unidades &#8211; <strong>R$ 469,00<\/strong> (R$ 93,80 cada)<br \/>\n10 unidades &#8211; <strong>R$ 689,00<\/strong> (R$ 68,90 cada)<br \/>\n20 unidades &#8211;<strong> R$ 1.290,00 <\/strong> (R$ 64,50 cada)<br \/>\n50 unidades &#8211; <strong>R$ 2.340,00<\/strong> (R$ 46,80 cada)<\/p>\n<p><span style=\"color: #008000;\"><strong>(Opcional) Numera\u00e7\u00e3o: R$ 45,00<\/strong><\/span><br \/>\n<span style=\"color: #008000;\"><strong>(Opcional) Serrilha adicional: R$ 100,00<\/strong><\/span><\/p>\n<p>Bloco<strong> 50&#215;3 Vias<\/strong> &#8211; 21x30cm &#8211; 1\u00aa Via Autocopiativo Branco &#8211; 2\u00aa Via Amarela 53g &#8211; 3\u00aa Via Verde 53g &#8211; Impress\u00e3o preto e branco &#8211; Blocagem com 50 folhas<\/p>\n<p>5 unidades &#8211; <strong>R$ 585,00<\/strong> (R$ 117,00 cada)<br \/>\n10 unidades &#8211; <strong>R$ 880,00 <\/strong> (R$ 88,00 cada)<br \/>\n20 unidades &#8211; <strong>R$ 1.640,00<\/strong> (R$ 82,00 cada)<br \/>\n50 unidades &#8211; <strong>R$ 2.855,00<\/strong> (R$ 57,10 cada)<\/p>\n<p><span style=\"color: #008000;\"><strong>(Opcional) Numera\u00e7\u00e3o: R$ 45,00<\/strong><\/span><br \/>\n<span style=\"color: #008000;\"><strong>(Opcional) Serrilha adicional: R$ 100,00<\/strong><\/span><\/p>\n<p>&nbsp;<\/p>\n<p>*VALOR DE ARTE COBRADO SEPARADAMENTE. POR FAVOR ENTRE EM CONTATO PARA OR\u00c7AMENTO.<\/p>\n<p>C\u00d3D INTERNO:<br \/>\n50\u00d72 vias<br \/>\n5 unidades \u2013 222<br \/>\n10 unidades \u2013 223<br \/>\n20 unidades \u2013 224<br \/>\n50 unidades \u2013 225<\/p>\n<p>50\u00d73 vias<br \/>\n5 unidades \u2013 226<br \/>\n10 unidades \u2013 227<br \/>\n20 unidades \u2013 228<br \/>\n50 unidades \u2013 229<\/p>\n<p>____________________________________________<\/p>\n<p>ACABAMENTO<\/p>\n<p>Serrilha &#8211; 393<br \/>\nNumera\u00e7\u00e3o &#8211; 394<\/p>\n","protected":false},"excerpt":{"rendered":"<p>Blocos autocopiativos com 2 ou 3 vias, tamanho &#8211; 210x297mm &#8211; Impress\u00e3o preto e branco &#8211; Blocagem com 50 folhas (por via)<\/p>\n<p>Acabamento: Numera\u00e7\u00e3o Opcional<br \/>\nProdu\u00e7\u00e3o: De 2 a 5 dias \u00fateis<\/p>\n","protected":false},"featured_media":3173,"template":"","meta":[],"product_brand":[],"product_cat":[24],"product_tag":[],"class_list":{"0":"post-3235","1":"product","2":"type-product","3":"status-publish","4":"has-post-thumbnail","6":"product_cat-rifa-cupom","8":"first","9":"instock","10":"taxable","11":"shipping-taxable","12":"purchasable","13":"product-type-variable"},"_links":{"self":[{"href":"https:\/\/palmascriativa.com\/index.php?rest_route=\/wp\/v2\/product\/3235","targetHints":{"allow":["GET"]}}],"collection":[{"href":"https:\/\/palmascriativa.com\/index.php?rest_route=\/wp\/v2\/product"}],"about":[{"href":"https:\/\/palmascriativa.com\/index.php?rest_route=\/wp\/v2\/types\/product"}],"version-history":[{"count":13,"href":"https:\/\/palmascriativa.com\/index.php?rest_route=\/wp\/v2\/product\/3235\/revisions"}],"predecessor-version":[{"id":3835,"href":"https:\/\/palmascriativa.com\/index.php?rest_route=\/wp\/v2\/product\/3235\/revisions\/3835"}],"wp:featuredmedia":[{"embeddable":true,"href":"https:\/\/palmascriativa.com\/index.php?rest_route=\/wp\/v2\/media\/3173"}],"wp:attachment":[{"href":"https:\/\/palmascriativa.com\/index.php?rest_route=%2Fwp%2Fv2%2Fmedia&parent=3235"}],"wp:term":[{"taxonomy":"product_brand","embeddable":true,"href":"https:\/\/palmascriativa.com\/index.php?rest_route=%2Fwp%2Fv2%2Fproduct_brand&post=3235"},{"taxonomy":"product_cat","embeddable":true,"href":"https:\/\/palmascriativa.com\/index.php?rest_route=%2Fwp%2Fv2%2Fproduct_cat&post=3235"},{"taxonomy":"product_tag","embeddable":true,"href":"https:\/\/palmascriativa.com\/index.php?rest_route=%2Fwp%2Fv2%2Fproduct_tag&post=3235"}],"curies":[{"name":"wp","href":"https:\/\/api.w.org\/{rel}","templated":true}]}}