{"id":3295,"date":"2022-07-21T14:21:24","date_gmt":"2022-07-21T14:21:24","guid":{"rendered":"https:\/\/palmascriativa.com\/?post_type=product&#038;p=3295"},"modified":"2025-09-23T16:30:57","modified_gmt":"2025-09-23T16:30:57","slug":"blocos-comandas-1-via","status":"publish","type":"product","link":"https:\/\/palmascriativa.com\/?product=blocos-comandas-1-via","title":{"rendered":"BLOCOS \/ COMANDAS 100&#215;1 via"},"content":{"rendered":"<p><span style=\"color: #333399;\">BLOCOS\/COMANDAS 100&#215;1 via, impress\u00e3o preto e branco em papel AP 75g, tamanho <strong>10,5&#215;14,8cm:<\/strong><\/span><br \/>\n10 Blocos &#8211; <strong>R$ 190,00<\/strong> (R$ 19,00 cada)<br \/>\n25 Blocos &#8211;<strong> R$ 337,50<\/strong>\u00a0(R$ 13,50 cada)<br \/>\n50 Blocos &#8211; <strong>R$ 550,00<\/strong> (R$ 11,00 cada)<\/p>\n<p><span style=\"color: #333399;\">BLOCOS\/COMANDAS 100&#215;1 via, impress\u00e3o preto e branco em papel AP 75g, tamanho<strong> 14,8x21cm:<\/strong><\/span><br \/>\n10 Blocos \u2013 <strong>R$ 275,00<\/strong> (R$ 27,50 cada)<br \/>\n25 Blocos \u2013 <strong>R$ 525,00<\/strong> (R$ 21,00 cada)<br \/>\n50 Blocos &#8211; <strong>R$ 850,00 (<\/strong>R$ 17,00 cada)<\/p>\n<p><span style=\"color: #333399;\">BLOCOS\/COMANDAS 100&#215;1 via, impress\u00e3o preto e branco em papel AP 75g, tamanho<strong> 10x21cm:<\/strong><\/span><br \/>\n12 Blocos \u2013 <strong>R$ 234,00 <\/strong>(R$ 19,50 cada)<br \/>\n24 Blocos \u2013 <strong>R$ 396,00<\/strong> (R$ 16,50 cada)<br \/>\n48 Blocos &#8211; <strong>R$ 628,80<\/strong>\u00a0(R$ 13,10 cada)<\/p>\n<p><span style=\"color: #333399;\">BLOCOS\/COMANDAS 100&#215;1 via, impress\u00e3o preto e branco em papel AP 75g, tamanho <strong>21&#215;29,7cm:<\/strong><\/span><br \/>\n10 Blocos &#8211; <strong>R$ 380,00<\/strong> (R$ 38,00 cada)<br \/>\n25 Blocos &#8211;<strong> R$ 800,00<\/strong> (R$ 32,00 cada)<br \/>\n50 Blocos &#8211; <strong>R$ 1.450,00<\/strong> (R$ 29,00 cada)<\/p>\n<p><span style=\"color: #008000;\"><strong>(Opcional) Numera\u00e7\u00e3o: R$ 45,00<br \/>\n(Opcional) Serrilha e grampo: R$ 100,00\u00a0 <\/strong><\/span><\/p>\n<p>&nbsp;<\/p>\n<p>Produ\u00e7\u00e3o: De 3 a 6 dias \u00fateis<\/p>\n<p>&nbsp;<\/p>\n<p><strong>*VALOR DE ARTE COBRADO SEPARADAMENTE. POR FAVOR ENTRE EM CONTATO PARA OR\u00c7AMENTO.<\/strong><\/p>\n<p>C\u00d3D. INTERNO:<\/p>\n<p>21x30cm:<\/p>\n<p>10 Blocos &#8211; 76<br \/>\n25 Blocos &#8211; 77<br \/>\n50 Blocos &#8211; 78<br \/>\n______________________________________________<\/p>\n<p>14,8&#215;21:<\/p>\n<p>10 Blocos &#8211; 73<br \/>\n25 Blocos &#8211; 74<br \/>\n50 Blocos &#8211; 75<\/p>\n<p>______________________________________________<\/p>\n<p>10&#215;21:<\/p>\n<p>12 Blocos &#8211; 90<br \/>\n24 Blocos &#8211; 91<br \/>\n48 Blocos &#8211; 92<br \/>\n____________________________________________<\/p>\n<p>10,5&#215;14,8cm:<\/p>\n<p>10 Blocos &#8211; 70<br \/>\n25 Blocos &#8211; 71<br \/>\n50 Blocos &#8211; 72<\/p>\n<p>____________________________________________<\/p>\n<p>ACABAMENTO<\/p>\n<p>Serrilha &#8211; 393<br \/>\nNumera\u00e7\u00e3o &#8211; 394<\/p>\n","protected":false},"excerpt":{"rendered":"<p>BLOCOS\/COMANDAS <strong>50&#215;1 via<\/strong><\/p>\n<p>Formato: A ESCOLHER<br \/>\nCores: 1\u00d70 cores (preto e branco)<br \/>\nMaterial: ap 75g<\/p>\n<p>Produ\u00e7\u00e3o: De 2 a 4 dias \u00fateis<\/p>\n","protected":false},"featured_media":3296,"template":"","meta":[],"product_brand":[],"product_cat":[24],"product_tag":[],"class_list":{"0":"post-3295","1":"product","2":"type-product","3":"status-publish","4":"has-post-thumbnail","6":"product_cat-rifa-cupom","8":"first","9":"instock","10":"taxable","11":"shipping-taxable","12":"purchasable","13":"product-type-variable","14":"has-default-attributes"},"_links":{"self":[{"href":"https:\/\/palmascriativa.com\/index.php?rest_route=\/wp\/v2\/product\/3295","targetHints":{"allow":["GET"]}}],"collection":[{"href":"https:\/\/palmascriativa.com\/index.php?rest_route=\/wp\/v2\/product"}],"about":[{"href":"https:\/\/palmascriativa.com\/index.php?rest_route=\/wp\/v2\/types\/product"}],"version-history":[{"count":18,"href":"https:\/\/palmascriativa.com\/index.php?rest_route=\/wp\/v2\/product\/3295\/revisions"}],"predecessor-version":[{"id":3693,"href":"https:\/\/palmascriativa.com\/index.php?rest_route=\/wp\/v2\/product\/3295\/revisions\/3693"}],"wp:featuredmedia":[{"embeddable":true,"href":"https:\/\/palmascriativa.com\/index.php?rest_route=\/wp\/v2\/media\/3296"}],"wp:attachment":[{"href":"https:\/\/palmascriativa.com\/index.php?rest_route=%2Fwp%2Fv2%2Fmedia&parent=3295"}],"wp:term":[{"taxonomy":"product_brand","embeddable":true,"href":"https:\/\/palmascriativa.com\/index.php?rest_route=%2Fwp%2Fv2%2Fproduct_brand&post=3295"},{"taxonomy":"product_cat","embeddable":true,"href":"https:\/\/palmascriativa.com\/index.php?rest_route=%2Fwp%2Fv2%2Fproduct_cat&post=3295"},{"taxonomy":"product_tag","embeddable":true,"href":"https:\/\/palmascriativa.com\/index.php?rest_route=%2Fwp%2Fv2%2Fproduct_tag&post=3295"}],"curies":[{"name":"wp","href":"https:\/\/api.w.org\/{rel}","templated":true}]}}