{"id":3406,"date":"2022-10-28T14:29:06","date_gmt":"2022-10-28T14:29:06","guid":{"rendered":"https:\/\/palmascriativa.com\/?post_type=product&#038;p=3406"},"modified":"2026-02-20T17:03:39","modified_gmt":"2026-02-20T17:03:39","slug":"blocos-de-anotacoes-capa-e-impressao-do-miolo-105x148cm","status":"publish","type":"product","link":"https:\/\/palmascriativa.com\/?product=blocos-de-anotacoes-capa-e-impressao-do-miolo-105x148cm","title":{"rendered":"BLOCOS DE ANOTA\u00c7\u00d5ES &#8211; Capa e com Impress\u00e3o do miolo &#8211; 10,5&#215;14,8cm"},"content":{"rendered":"<p>Prazo de produ\u00e7\u00e3o de 2 a 4 dias \u00fateis.<\/p>\n<p>* N\u00e3o est\u00e1 incluso cria\u00e7\u00e3o da arte. Valores de cria\u00e7\u00e3o de arte \u00e9 cobrado separadamente de acordo com o tempo de servi\u00e7o de arte final. Textos e corre\u00e7\u00f5es gramaticais s\u00e3o de completa responsabilidade do cliente.<\/p>\n<p>Ref. Interna:<br \/>\n5 blocos: 200<br \/>\n10 blocos: 201<br \/>\n20 blocos: 202<br \/>\n30 blocos: 203<br \/>\n40 blocos: 204<br \/>\n50 blocos: 205<\/p>\n","protected":false},"excerpt":{"rendered":"<p>BLOCO DE ANOTA\u00c7\u00d5ES com capa e encaderna\u00e7\u00e3o 50&#215;1 via, miolo com impress\u00e3o preto e branco em papel AP 75g, capa em couch\u00ea 250\/300g, encaderna\u00e7\u00e3o wire-o &#8211; tamanho 10,5&#215;14,8cm<br \/>\n8 Blocos \u2013 <strong>R$ 299,00 <\/strong>(R$ 37,37 cada)<br \/>\n16 Blocos \u2013 <strong>R$ 537,00 <\/strong>(R$ 33,56 cada)<br \/>\n20 Blocos &#8211; <strong>R$ 637,00 <\/strong>(R$ 31,85 cada)<br \/>\n28 Blocos \u2013 <strong>R$ 717,00 <\/strong>(R$ 25,60 cada)<br \/>\n40 Blocos \u2013 <strong>R$ 814,00 <\/strong>(R$ 20,35 cada)<br \/>\n52 Blocos &#8211; <strong>R$ 937,00 <\/strong>(R$ 18,01 cada)<\/p>\n","protected":false},"featured_media":3789,"template":"","meta":[],"product_brand":[],"product_cat":[24],"product_tag":[],"class_list":{"0":"post-3406","1":"product","2":"type-product","3":"status-publish","4":"has-post-thumbnail","6":"product_cat-rifa-cupom","8":"first","9":"instock","10":"taxable","11":"shipping-taxable","12":"purchasable","13":"product-type-variable"},"_links":{"self":[{"href":"https:\/\/palmascriativa.com\/index.php?rest_route=\/wp\/v2\/product\/3406","targetHints":{"allow":["GET"]}}],"collection":[{"href":"https:\/\/palmascriativa.com\/index.php?rest_route=\/wp\/v2\/product"}],"about":[{"href":"https:\/\/palmascriativa.com\/index.php?rest_route=\/wp\/v2\/types\/product"}],"version-history":[{"count":11,"href":"https:\/\/palmascriativa.com\/index.php?rest_route=\/wp\/v2\/product\/3406\/revisions"}],"predecessor-version":[{"id":3840,"href":"https:\/\/palmascriativa.com\/index.php?rest_route=\/wp\/v2\/product\/3406\/revisions\/3840"}],"wp:featuredmedia":[{"embeddable":true,"href":"https:\/\/palmascriativa.com\/index.php?rest_route=\/wp\/v2\/media\/3789"}],"wp:attachment":[{"href":"https:\/\/palmascriativa.com\/index.php?rest_route=%2Fwp%2Fv2%2Fmedia&parent=3406"}],"wp:term":[{"taxonomy":"product_brand","embeddable":true,"href":"https:\/\/palmascriativa.com\/index.php?rest_route=%2Fwp%2Fv2%2Fproduct_brand&post=3406"},{"taxonomy":"product_cat","embeddable":true,"href":"https:\/\/palmascriativa.com\/index.php?rest_route=%2Fwp%2Fv2%2Fproduct_cat&post=3406"},{"taxonomy":"product_tag","embeddable":true,"href":"https:\/\/palmascriativa.com\/index.php?rest_route=%2Fwp%2Fv2%2Fproduct_tag&post=3406"}],"curies":[{"name":"wp","href":"https:\/\/api.w.org\/{rel}","templated":true}]}}