{"id":3416,"date":"2022-10-28T15:39:43","date_gmt":"2022-10-28T15:39:43","guid":{"rendered":"https:\/\/palmascriativa.com\/?post_type=product&#038;p=3416"},"modified":"2026-02-20T16:59:40","modified_gmt":"2026-02-20T16:59:40","slug":"blocos-de-anotacoes-capa-e-miolo-branco-105x148cm","status":"publish","type":"product","link":"https:\/\/palmascriativa.com\/?product=blocos-de-anotacoes-capa-e-miolo-branco-105x148cm","title":{"rendered":"BLOCOS DE ANOTA\u00c7\u00d5ES &#8211; Capa e miolo Branco &#8211; 10,5&#215;14,8cm"},"content":{"rendered":"<p>Prazo de produ\u00e7\u00e3o de 2 a 4 dias \u00fateis.<\/p>\n<p>* N\u00e3o est\u00e1 incluso cria\u00e7\u00e3o da arte. Valores de cria\u00e7\u00e3o de arte \u00e9 cobrado separadamente de acordo com o tempo de servi\u00e7o de arte final. Textos e corre\u00e7\u00f5es gramaticais s\u00e3o de completa responsabilidade do cliente.<\/p>\n<p>Ref. Interna:<br \/>\n8 blocos: 206<br \/>\n16 blocos: 207<br \/>\n20 blocos: 208<br \/>\n28 blocos: 209<br \/>\n40 blocos: 210<br \/>\n52 blocos: 211<\/p>\n","protected":false},"excerpt":{"rendered":"<p>BLOCO DE ANOTA\u00c7\u00d5ES com capa e encaderna\u00e7\u00e3o 50&#215;1 via, miolo sem impress\u00e3o em papel AP 75g, capa em couch\u00ea 250\/300g, encaderna\u00e7\u00e3o wire-o &#8211; tamanho 10,5&#215;14,8cm<\/p>\n<p><img fetchpriority=\"high\" decoding=\"async\" class=\"alignnone size-medium wp-image-3787\" src=\"http:\/\/palmascriativa.com\/wp-content\/uploads\/2022\/10\/asd-cm-sulfite-75g-capa-dura-encadernacabranco-300x300.jpg\" alt=\"\" width=\"300\" height=\"300\" srcset=\"https:\/\/palmascriativa.com\/wp-content\/uploads\/2022\/10\/asd-cm-sulfite-75g-capa-dura-encadernacabranco-300x300.jpg 300w, https:\/\/palmascriativa.com\/wp-content\/uploads\/2022\/10\/asd-cm-sulfite-75g-capa-dura-encadernacabranco-150x150.jpg 150w, https:\/\/palmascriativa.com\/wp-content\/uploads\/2022\/10\/asd-cm-sulfite-75g-capa-dura-encadernacabranco-450x450.jpg 450w, https:\/\/palmascriativa.com\/wp-content\/uploads\/2022\/10\/asd-cm-sulfite-75g-capa-dura-encadernacabranco-100x100.jpg 100w, https:\/\/palmascriativa.com\/wp-content\/uploads\/2022\/10\/asd-cm-sulfite-75g-capa-dura-encadernacabranco-116x116.jpg 116w, https:\/\/palmascriativa.com\/wp-content\/uploads\/2022\/10\/asd-cm-sulfite-75g-capa-dura-encadernacabranco-64x64.jpg 64w, https:\/\/palmascriativa.com\/wp-content\/uploads\/2022\/10\/asd-cm-sulfite-75g-capa-dura-encadernacabranco.jpg 600w\" sizes=\"(max-width: 300px) 100vw, 300px\" \/><br \/>\n8 Blocos \u2013 <strong>R$ 212,00 <\/strong>(R$ 26,50 cada)<br \/>\n16 Blocos \u2013 <strong>R$ 362,00 <\/strong>(R$ 22,62 cada)<br \/>\n20 Blocos &#8211; <strong>R$ 416,00 <\/strong>(R$ 20,80 cada)<br \/>\n28 Blocos \u2013 <strong>R$ 496,00 <\/strong>(R$ 17,71 cada)<br \/>\n40 Blocos \u2013 <strong>R$ 624,00 <\/strong>(R$ 15,60 cada)<br \/>\n52 Blocos &#8211; <strong>R$ 708,00 <\/strong>(R$ 13,61 cada)<br \/>\n100 Blocos &#8211; <strong>R$ 1.290,00<\/strong> (R$ 12,90 cada)<\/p>\n","protected":false},"featured_media":3787,"template":"","meta":[],"product_brand":[],"product_cat":[24],"product_tag":[],"class_list":{"0":"post-3416","1":"product","2":"type-product","3":"status-publish","4":"has-post-thumbnail","6":"product_cat-rifa-cupom","8":"first","9":"instock","10":"taxable","11":"shipping-taxable","12":"purchasable","13":"product-type-variable"},"_links":{"self":[{"href":"https:\/\/palmascriativa.com\/index.php?rest_route=\/wp\/v2\/product\/3416","targetHints":{"allow":["GET"]}}],"collection":[{"href":"https:\/\/palmascriativa.com\/index.php?rest_route=\/wp\/v2\/product"}],"about":[{"href":"https:\/\/palmascriativa.com\/index.php?rest_route=\/wp\/v2\/types\/product"}],"version-history":[{"count":10,"href":"https:\/\/palmascriativa.com\/index.php?rest_route=\/wp\/v2\/product\/3416\/revisions"}],"predecessor-version":[{"id":3838,"href":"https:\/\/palmascriativa.com\/index.php?rest_route=\/wp\/v2\/product\/3416\/revisions\/3838"}],"wp:featuredmedia":[{"embeddable":true,"href":"https:\/\/palmascriativa.com\/index.php?rest_route=\/wp\/v2\/media\/3787"}],"wp:attachment":[{"href":"https:\/\/palmascriativa.com\/index.php?rest_route=%2Fwp%2Fv2%2Fmedia&parent=3416"}],"wp:term":[{"taxonomy":"product_brand","embeddable":true,"href":"https:\/\/palmascriativa.com\/index.php?rest_route=%2Fwp%2Fv2%2Fproduct_brand&post=3416"},{"taxonomy":"product_cat","embeddable":true,"href":"https:\/\/palmascriativa.com\/index.php?rest_route=%2Fwp%2Fv2%2Fproduct_cat&post=3416"},{"taxonomy":"product_tag","embeddable":true,"href":"https:\/\/palmascriativa.com\/index.php?rest_route=%2Fwp%2Fv2%2Fproduct_tag&post=3416"}],"curies":[{"name":"wp","href":"https:\/\/api.w.org\/{rel}","templated":true}]}}