{"id":3462,"date":"2023-03-09T20:50:13","date_gmt":"2023-03-09T20:50:13","guid":{"rendered":"https:\/\/palmascriativa.com\/?post_type=product&#038;p=3462"},"modified":"2026-03-12T14:16:28","modified_gmt":"2026-03-12T14:16:28","slug":"cardapio-pvc-1mm","status":"publish","type":"product","link":"https:\/\/palmascriativa.com\/?product=cardapio-pvc-1mm","title":{"rendered":"CARD\u00c1PIO PVC 2mm"},"content":{"rendered":"<p><img fetchpriority=\"high\" decoding=\"async\" class=\"alignnone size-medium wp-image-3467\" src=\"http:\/\/palmascriativa.com\/wp-content\/uploads\/2023\/03\/PVC_UV-1-300x281.jpg\" alt=\"\" width=\"300\" height=\"281\" srcset=\"https:\/\/palmascriativa.com\/wp-content\/uploads\/2023\/03\/PVC_UV-1-300x281.jpg 300w, https:\/\/palmascriativa.com\/wp-content\/uploads\/2023\/03\/PVC_UV-1-124x116.jpg 124w, https:\/\/palmascriativa.com\/wp-content\/uploads\/2023\/03\/PVC_UV-1-64x60.jpg 64w, https:\/\/palmascriativa.com\/wp-content\/uploads\/2023\/03\/PVC_UV-1.jpg 400w\" sizes=\"(max-width: 300px) 100vw, 300px\" \/><\/p>\n<p>Tamanho: 21&#215;30: 38,00 cada<br \/>\n*quantidade minima de 8 unidades<\/p>\n<p>Tamanho 30x42cm: R$ 70,00 cada<br \/>\n*quantidade minima de 4 unidades<\/p>\n<p>Cores: 4&#215;4 cores (colorido frente e verso)<br \/>\nMaterial: PVC 2mm + lamina\u00e7\u00e3o jateada transparente<\/p>\n<p>Produ\u00e7\u00e3o: At\u00e9 2 a 4 dias \u00fateis<\/p>\n<p>*Valores n\u00e3o incluem servi\u00e7os de arte<\/p>\n<p>C\u00d3D. INTERNO: 230<\/p>\n","protected":false},"excerpt":{"rendered":"<p>Tamanho: 21&#215;30: 38,00 cada<br \/>\n*quantidade minima de 8 unidades<\/p>\n<p>Tamanho 30x42cm: R$ 70,00 cada<br \/>\n*quantidade minima de 4 unidades<\/p>\n<p>Cores: 4&#215;4 cores (colorido frente e verso)<br \/>\nMaterial: PVC 2mm + lamina\u00e7\u00e3o jateada transparente<\/p>\n","protected":false},"featured_media":3467,"template":"","meta":[],"product_brand":[],"product_cat":[25],"product_tag":[],"class_list":{"0":"post-3462","1":"product","2":"type-product","3":"status-publish","4":"has-post-thumbnail","6":"product_cat-cardapio","8":"first","9":"instock","10":"taxable","11":"shipping-taxable","12":"purchasable","13":"product-type-variable"},"_links":{"self":[{"href":"https:\/\/palmascriativa.com\/index.php?rest_route=\/wp\/v2\/product\/3462","targetHints":{"allow":["GET"]}}],"collection":[{"href":"https:\/\/palmascriativa.com\/index.php?rest_route=\/wp\/v2\/product"}],"about":[{"href":"https:\/\/palmascriativa.com\/index.php?rest_route=\/wp\/v2\/types\/product"}],"version-history":[{"count":8,"href":"https:\/\/palmascriativa.com\/index.php?rest_route=\/wp\/v2\/product\/3462\/revisions"}],"predecessor-version":[{"id":3915,"href":"https:\/\/palmascriativa.com\/index.php?rest_route=\/wp\/v2\/product\/3462\/revisions\/3915"}],"wp:featuredmedia":[{"embeddable":true,"href":"https:\/\/palmascriativa.com\/index.php?rest_route=\/wp\/v2\/media\/3467"}],"wp:attachment":[{"href":"https:\/\/palmascriativa.com\/index.php?rest_route=%2Fwp%2Fv2%2Fmedia&parent=3462"}],"wp:term":[{"taxonomy":"product_brand","embeddable":true,"href":"https:\/\/palmascriativa.com\/index.php?rest_route=%2Fwp%2Fv2%2Fproduct_brand&post=3462"},{"taxonomy":"product_cat","embeddable":true,"href":"https:\/\/palmascriativa.com\/index.php?rest_route=%2Fwp%2Fv2%2Fproduct_cat&post=3462"},{"taxonomy":"product_tag","embeddable":true,"href":"https:\/\/palmascriativa.com\/index.php?rest_route=%2Fwp%2Fv2%2Fproduct_tag&post=3462"}],"curies":[{"name":"wp","href":"https:\/\/api.w.org\/{rel}","templated":true}]}}