{"id":3757,"date":"2025-10-30T12:10:20","date_gmt":"2025-10-30T12:10:20","guid":{"rendered":"https:\/\/palmascriativa.com\/?post_type=product&#038;p=3757"},"modified":"2025-11-04T17:05:25","modified_gmt":"2025-11-04T17:05:25","slug":"agenda-diaria","status":"publish","type":"product","link":"https:\/\/palmascriativa.com\/?product=agenda-diaria","title":{"rendered":"Agenda Di\u00e1ria"},"content":{"rendered":"<p>Agenda Di\u00e1ria 2026- 14,8x21cm, Capa Dura e Miolo Padr\u00e3o em Sulfite 75g com impress\u00e3o preto e branco com 350 p\u00e1ginas &#8211; capa personalizada<\/p>\n<p>2 unid.: R$ 250,00 (125,00 cada)<br \/>\n5 unid.: R$ 500,00 ( 100,00 cada)<br \/>\n10 unid.: R$ 950,00 (95,00 cada)<br \/>\n25 unid.: R$ 2.225,00 (89,00 cada)<br \/>\n50 unid.: R$ 3.900,00 (78,00 cada)<\/p>\n<p>&nbsp;<\/p>\n<p><img fetchpriority=\"high\" decoding=\"async\" class=\"alignnone wp-image-3759\" src=\"http:\/\/palmascriativa.com\/wp-content\/uploads\/2025\/10\/Captura-de-tela-2025-10-30-085145-300x84.png\" alt=\"\" width=\"496\" height=\"139\" srcset=\"https:\/\/palmascriativa.com\/wp-content\/uploads\/2025\/10\/Captura-de-tela-2025-10-30-085145-300x84.png 300w, https:\/\/palmascriativa.com\/wp-content\/uploads\/2025\/10\/Captura-de-tela-2025-10-30-085145-768x215.png 768w, https:\/\/palmascriativa.com\/wp-content\/uploads\/2025\/10\/Captura-de-tela-2025-10-30-085145-450x126.png 450w, https:\/\/palmascriativa.com\/wp-content\/uploads\/2025\/10\/Captura-de-tela-2025-10-30-085145-228x64.png 228w, https:\/\/palmascriativa.com\/wp-content\/uploads\/2025\/10\/Captura-de-tela-2025-10-30-085145-64x18.png 64w, https:\/\/palmascriativa.com\/wp-content\/uploads\/2025\/10\/Captura-de-tela-2025-10-30-085145.png 835w\" sizes=\"(max-width: 496px) 100vw, 496px\" \/><\/p>\n<p><img decoding=\"async\" class=\"alignnone wp-image-3760\" src=\"http:\/\/palmascriativa.com\/wp-content\/uploads\/2025\/10\/Captura-de-tela-2025-10-30-090953-300x90.png\" alt=\"\" width=\"477\" height=\"143\" srcset=\"https:\/\/palmascriativa.com\/wp-content\/uploads\/2025\/10\/Captura-de-tela-2025-10-30-090953-300x90.png 300w, https:\/\/palmascriativa.com\/wp-content\/uploads\/2025\/10\/Captura-de-tela-2025-10-30-090953-768x231.png 768w, https:\/\/palmascriativa.com\/wp-content\/uploads\/2025\/10\/Captura-de-tela-2025-10-30-090953-450x135.png 450w, https:\/\/palmascriativa.com\/wp-content\/uploads\/2025\/10\/Captura-de-tela-2025-10-30-090953-228x68.png 228w, https:\/\/palmascriativa.com\/wp-content\/uploads\/2025\/10\/Captura-de-tela-2025-10-30-090953-64x19.png 64w, https:\/\/palmascriativa.com\/wp-content\/uploads\/2025\/10\/Captura-de-tela-2025-10-30-090953.png 826w\" sizes=\"(max-width: 477px) 100vw, 477px\" \/><\/p>\n<p>*Prazo de produ\u00e7\u00e3o de 6 a 11 dias \u00fateis<\/p>\n<p>* O valor da arte se refere a cria\u00e7\u00e3o da pe\u00e7a simples. N\u00e3o est\u00e1 incluso cria\u00e7\u00e3o de logomarca. Valores de cria\u00e7\u00e3o de logomarca \u00e9 cobrado separadamente de acordo com o tempo de servi\u00e7o de arte final. Textos e corre\u00e7\u00f5es gramaticais s\u00e3o de completa responsabilidade do cliente.<\/p>\n","protected":false},"excerpt":{"rendered":"<p>Agenda Di\u00e1ria 2026- 14,8x21cm, Capa Dura e Miolo Padr\u00e3o em Sulfite 75g com impress\u00e3o preto e branco com 350 p\u00e1ginas &#8211; capa personalizada<\/p>\n","protected":false},"featured_media":3783,"template":"","meta":[],"product_brand":[],"product_cat":[40],"product_tag":[],"class_list":{"0":"post-3757","1":"product","2":"type-product","3":"status-publish","4":"has-post-thumbnail","6":"product_cat-agenda-calendarios","8":"first","9":"instock","10":"taxable","11":"shipping-taxable","12":"purchasable","13":"product-type-variable"},"_links":{"self":[{"href":"https:\/\/palmascriativa.com\/index.php?rest_route=\/wp\/v2\/product\/3757","targetHints":{"allow":["GET"]}}],"collection":[{"href":"https:\/\/palmascriativa.com\/index.php?rest_route=\/wp\/v2\/product"}],"about":[{"href":"https:\/\/palmascriativa.com\/index.php?rest_route=\/wp\/v2\/types\/product"}],"version-history":[{"count":2,"href":"https:\/\/palmascriativa.com\/index.php?rest_route=\/wp\/v2\/product\/3757\/revisions"}],"predecessor-version":[{"id":3764,"href":"https:\/\/palmascriativa.com\/index.php?rest_route=\/wp\/v2\/product\/3757\/revisions\/3764"}],"wp:featuredmedia":[{"embeddable":true,"href":"https:\/\/palmascriativa.com\/index.php?rest_route=\/wp\/v2\/media\/3783"}],"wp:attachment":[{"href":"https:\/\/palmascriativa.com\/index.php?rest_route=%2Fwp%2Fv2%2Fmedia&parent=3757"}],"wp:term":[{"taxonomy":"product_brand","embeddable":true,"href":"https:\/\/palmascriativa.com\/index.php?rest_route=%2Fwp%2Fv2%2Fproduct_brand&post=3757"},{"taxonomy":"product_cat","embeddable":true,"href":"https:\/\/palmascriativa.com\/index.php?rest_route=%2Fwp%2Fv2%2Fproduct_cat&post=3757"},{"taxonomy":"product_tag","embeddable":true,"href":"https:\/\/palmascriativa.com\/index.php?rest_route=%2Fwp%2Fv2%2Fproduct_tag&post=3757"}],"curies":[{"name":"wp","href":"https:\/\/api.w.org\/{rel}","templated":true}]}}