{"id":3774,"date":"2025-11-04T17:02:30","date_gmt":"2025-11-04T17:02:30","guid":{"rendered":"https:\/\/palmascriativa.com\/?post_type=product&#038;p=3774"},"modified":"2025-11-06T11:37:43","modified_gmt":"2025-11-06T11:37:43","slug":"calendario-de-mesa-148x198cm","status":"publish","type":"product","link":"https:\/\/palmascriativa.com\/?product=calendario-de-mesa-148x198cm","title":{"rendered":"Calend\u00e1rio de Mesa 14,8&#215;19,8cm"},"content":{"rendered":"<p>Calend\u00e1rio de Mesa &#8211; 14,8&#215;19,8cm em Couch\u00e9\u00a0 150g &#8211; Base sem Impress\u00e3o Triplex 250g &#8211; Wire-o<\/p>\n<p><img fetchpriority=\"high\" decoding=\"async\" class=\"alignnone wp-image-3775\" src=\"http:\/\/palmascriativa.com\/wp-content\/uploads\/2025\/11\/JCal-300x300.jpg\" alt=\"\" width=\"274\" height=\"274\" srcset=\"https:\/\/palmascriativa.com\/wp-content\/uploads\/2025\/11\/JCal-300x300.jpg 300w, https:\/\/palmascriativa.com\/wp-content\/uploads\/2025\/11\/JCal-150x150.jpg 150w, https:\/\/palmascriativa.com\/wp-content\/uploads\/2025\/11\/JCal-450x450.jpg 450w, https:\/\/palmascriativa.com\/wp-content\/uploads\/2025\/11\/JCal-100x100.jpg 100w, https:\/\/palmascriativa.com\/wp-content\/uploads\/2025\/11\/JCal-116x116.jpg 116w, https:\/\/palmascriativa.com\/wp-content\/uploads\/2025\/11\/JCal-64x64.jpg 64w, https:\/\/palmascriativa.com\/wp-content\/uploads\/2025\/11\/JCal.jpg 591w\" sizes=\"(max-width: 274px) 100vw, 274px\" \/><\/p>\n<p>10 unid.: R$ 250,00 (25,00 cada)<br \/>\n25 unid.: R$ 490,00 (19,60 cada)<br \/>\n50 unid.: R$ 900,00 (18,00 cada)<br \/>\n100 unid.: R$ 1.690,00 (16,90 cada)<br \/>\n250 unid.: R$ 3.950,00 (15,80 cada)<br \/>\n500 unid.: R$ 7.450,00 (14,90 cada)<\/p>\n<p>&nbsp;<\/p>\n<p>*Valor referente a impress\u00e3o simples sem fundo conforme layout da imagem<\/p>\n<p>*Prazo de produ\u00e7\u00e3o de 6 a 10 dias \u00fateis<\/p>\n<p>* N\u00e3o est\u00e1 incluso cria\u00e7\u00e3o da arte. Valores de cria\u00e7\u00e3o de arte \u00e9 cobrado separadamente de acordo com o tempo de servi\u00e7o de arte final. Textos e corre\u00e7\u00f5es gramaticais s\u00e3o de completa responsabilidade do cliente.<\/p>\n","protected":false},"excerpt":{"rendered":"<p>Calend\u00e1rio de Mesa &#8211; 14,8&#215;19,8cm em Couch\u00e9\u00a0 150g &#8211; Base sem Impress\u00e3o Triplex 250g &#8211; Wire-o<\/p>\n","protected":false},"featured_media":3775,"template":"","meta":[],"product_brand":[],"product_cat":[40],"product_tag":[],"class_list":{"0":"post-3774","1":"product","2":"type-product","3":"status-publish","4":"has-post-thumbnail","6":"product_cat-agenda-calendarios","8":"first","9":"instock","10":"taxable","11":"shipping-taxable","12":"purchasable","13":"product-type-variable"},"_links":{"self":[{"href":"https:\/\/palmascriativa.com\/index.php?rest_route=\/wp\/v2\/product\/3774","targetHints":{"allow":["GET"]}}],"collection":[{"href":"https:\/\/palmascriativa.com\/index.php?rest_route=\/wp\/v2\/product"}],"about":[{"href":"https:\/\/palmascriativa.com\/index.php?rest_route=\/wp\/v2\/types\/product"}],"version-history":[{"count":2,"href":"https:\/\/palmascriativa.com\/index.php?rest_route=\/wp\/v2\/product\/3774\/revisions"}],"predecessor-version":[{"id":3802,"href":"https:\/\/palmascriativa.com\/index.php?rest_route=\/wp\/v2\/product\/3774\/revisions\/3802"}],"wp:featuredmedia":[{"embeddable":true,"href":"https:\/\/palmascriativa.com\/index.php?rest_route=\/wp\/v2\/media\/3775"}],"wp:attachment":[{"href":"https:\/\/palmascriativa.com\/index.php?rest_route=%2Fwp%2Fv2%2Fmedia&parent=3774"}],"wp:term":[{"taxonomy":"product_brand","embeddable":true,"href":"https:\/\/palmascriativa.com\/index.php?rest_route=%2Fwp%2Fv2%2Fproduct_brand&post=3774"},{"taxonomy":"product_cat","embeddable":true,"href":"https:\/\/palmascriativa.com\/index.php?rest_route=%2Fwp%2Fv2%2Fproduct_cat&post=3774"},{"taxonomy":"product_tag","embeddable":true,"href":"https:\/\/palmascriativa.com\/index.php?rest_route=%2Fwp%2Fv2%2Fproduct_tag&post=3774"}],"curies":[{"name":"wp","href":"https:\/\/api.w.org\/{rel}","templated":true}]}}