{"id":3791,"date":"2025-11-06T11:32:08","date_gmt":"2025-11-06T11:32:08","guid":{"rendered":"https:\/\/palmascriativa.com\/?post_type=product&#038;p=3791"},"modified":"2025-11-06T11:36:55","modified_gmt":"2025-11-06T11:36:55","slug":"calendario-de-mesa-10x20cm","status":"publish","type":"product","link":"https:\/\/palmascriativa.com\/?product=calendario-de-mesa-10x20cm","title":{"rendered":"Calend\u00e1rio de Mesa 10\u00d720cm"},"content":{"rendered":"<p>Calend\u00e1rio de Mesa \u2013 10x20cm em Couch\u00e9 115g, Base sem Impress\u00e3o Triplex 250g \u2013 Wire-o<\/p>\n<p><img fetchpriority=\"high\" decoding=\"async\" class=\"alignnone size-medium wp-image-3792\" src=\"http:\/\/palmascriativa.com\/wp-content\/uploads\/2025\/11\/Mockup_Mesa_Calendario-300x243.jpg\" alt=\"\" width=\"300\" height=\"243\" srcset=\"https:\/\/palmascriativa.com\/wp-content\/uploads\/2025\/11\/Mockup_Mesa_Calendario-300x243.jpg 300w, https:\/\/palmascriativa.com\/wp-content\/uploads\/2025\/11\/Mockup_Mesa_Calendario-450x364.jpg 450w, https:\/\/palmascriativa.com\/wp-content\/uploads\/2025\/11\/Mockup_Mesa_Calendario-143x116.jpg 143w, https:\/\/palmascriativa.com\/wp-content\/uploads\/2025\/11\/Mockup_Mesa_Calendario-64x52.jpg 64w, https:\/\/palmascriativa.com\/wp-content\/uploads\/2025\/11\/Mockup_Mesa_Calendario.jpg 731w\" sizes=\"(max-width: 300px) 100vw, 300px\" \/><\/p>\n<p>10 unid.: R$ 200,00 (20,00 cada)<br \/>\n25 unid.: R$ 405,00 (16,20 cada)<br \/>\n50 unid.: R$ 745,00 (14,90 cada)<br \/>\n100 unid.: R$ 1.370,00 (13,70 cada)<br \/>\n250 unid.: R$ 3.200,00 (12,80 cada)<br \/>\n500 unid.: R$ 5.400,00 (10,80 cada)<\/p>\n<p>&nbsp;<\/p>\n<p>*Valor referente a impress\u00e3o simples sem fundo conforme layout da imagem<\/p>\n<p>*Prazo de produ\u00e7\u00e3o de 6 a 10 dias \u00fateis<\/p>\n<p>* N\u00e3o est\u00e1 incluso cria\u00e7\u00e3o da arte. Valores de cria\u00e7\u00e3o de arte \u00e9 cobrado separadamente de acordo com o tempo de servi\u00e7o de arte final. Textos e corre\u00e7\u00f5es gramaticais s\u00e3o de completa responsabilidade do cliente.<\/p>\n","protected":false},"excerpt":{"rendered":"<p>Calend\u00e1rio de Mesa \u2013 10x20cm em Couch\u00e9 Brilho 115g \u2013 Base sem Impress\u00e3o Triplex 300g \u2013 Wire-o<\/p>\n","protected":false},"featured_media":3792,"template":"","meta":[],"product_brand":[],"product_cat":[40],"product_tag":[],"class_list":{"0":"post-3791","1":"product","2":"type-product","3":"status-publish","4":"has-post-thumbnail","6":"product_cat-agenda-calendarios","8":"first","9":"instock","10":"taxable","11":"shipping-taxable","12":"purchasable","13":"product-type-variable"},"_links":{"self":[{"href":"https:\/\/palmascriativa.com\/index.php?rest_route=\/wp\/v2\/product\/3791","targetHints":{"allow":["GET"]}}],"collection":[{"href":"https:\/\/palmascriativa.com\/index.php?rest_route=\/wp\/v2\/product"}],"about":[{"href":"https:\/\/palmascriativa.com\/index.php?rest_route=\/wp\/v2\/types\/product"}],"version-history":[{"count":3,"href":"https:\/\/palmascriativa.com\/index.php?rest_route=\/wp\/v2\/product\/3791\/revisions"}],"predecessor-version":[{"id":3801,"href":"https:\/\/palmascriativa.com\/index.php?rest_route=\/wp\/v2\/product\/3791\/revisions\/3801"}],"wp:featuredmedia":[{"embeddable":true,"href":"https:\/\/palmascriativa.com\/index.php?rest_route=\/wp\/v2\/media\/3792"}],"wp:attachment":[{"href":"https:\/\/palmascriativa.com\/index.php?rest_route=%2Fwp%2Fv2%2Fmedia&parent=3791"}],"wp:term":[{"taxonomy":"product_brand","embeddable":true,"href":"https:\/\/palmascriativa.com\/index.php?rest_route=%2Fwp%2Fv2%2Fproduct_brand&post=3791"},{"taxonomy":"product_cat","embeddable":true,"href":"https:\/\/palmascriativa.com\/index.php?rest_route=%2Fwp%2Fv2%2Fproduct_cat&post=3791"},{"taxonomy":"product_tag","embeddable":true,"href":"https:\/\/palmascriativa.com\/index.php?rest_route=%2Fwp%2Fv2%2Fproduct_tag&post=3791"}],"curies":[{"name":"wp","href":"https:\/\/api.w.org\/{rel}","templated":true}]}}